{"id":935,"date":"2009-12-28T20:24:01","date_gmt":"2009-12-28T19:24:01","guid":{"rendered":"http:\/\/www.motorkarizhabri.cz\/?page_id=935"},"modified":"2010-01-28T14:47:29","modified_gmt":"2010-01-28T13:47:29","slug":"vanocni-punc-241209","status":"publish","type":"page","link":"https:\/\/www.motorkarizhabri.cz\/?page_id=935","title":{"rendered":"V\u00e1no\u010dn\u00ed pun\u010d 24.12.09"},"content":{"rendered":"<p>V\u00e1no\u010dn\u00ed pun\u010d 24.12.2009 <\/p>\n<p>N\u00e1pad na leto\u0161n\u00ed p\u0159ekvapen\u00ed se zrodil u\u017e p\u0159ed rokem v p\u0159edv\u00e1no\u010dn\u00ed V\u00eddni. Kdy\u017e m\u016f\u017ee m\u00edt V\u00edde\u0148 pun\u010dov\u00e9 hrne\u010dky, pro\u010d by je nemohlo m\u00edt Hab\u0159\u00ed! A tak se haber\u0161t\u00ed nedo\u010dkaj\u00ed \u017e\u00e1dn\u00e9 koledy, \u017e\u00e1dn\u00e9ho p\u0159edstaven\u00ed, ale na pozv\u00e1nk\u00e1ch se do\u010dtou, \u017ee si letos nemus\u00ed nosit hrne\u010dky svoje.<br \/>\n No a na \u0160t\u011bdr\u00fd den sta\u010d\u00ed u\u017e jen vypnout televizi, ze kter\u00e9 se tla\u010d\u00ed do pokoj\u016f princezny, \u010derti, Santa Klausov\u00e9 a r\u00e1dia, ze kter\u00fdch se linou unyl\u00e9 p\u00edsn\u011b s texty pln\u00fdmi sn\u011bhu, v\u00e1no\u010dek, jehli\u010d\u00ed. Zanechat byt k dispozici Je\u017e\u00ed\u0161kovi, aby pod nazdoben\u00fd stromek naaran\u017eoval hromady d\u00e1rk\u016f a vydat se mezi sousedy na n\u00e1ves.<br \/>\n A tady zapomenout na bublaj\u00edc\u00ed pol\u00edvku, neobalen\u00e9ho kapra, nezabalen\u00e9 d\u00e1rky (na\u0161el se dokonce soused, tvrd\u00edc\u00ed, \u017ee nejen nem\u00e1 d\u00e1rky zabaleny, ale \u017ee v\u016fbec nev\u00ed kolik jich je, kde jsou, a co\u017ee to vlastn\u011b nakoupil a tak si nech\u00e1val rad\u011bji nal\u00e9vati p\u0159ev\u00e1\u017en\u011b nealko pun\u010d) a prost\u011b jen v pohod\u011b pop\u00edjet pun\u010d a plkat s kamar\u00e1dy a sousedy.<br \/>\n Kdosi p\u0159inesl cukrov\u00ed, kdosi utopence a v\u016fbec spousty dobrot. Trochu nap\u011bt\u00ed se objevilo p\u0159i vno\u0159en\u00ed plastov\u00fdch l\u017ei\u010dek do hork\u00e9ho pun\u010de. Vydr\u017eely, neroztekly se, asi nebyly z NDR.<br \/>\nHaber\u0161t\u00ed byli p\u0159ekvapeni a snad i pot\u011b\u0161eni hrne\u010dky. Na\u0161li se tac\u00ed, kte\u0159\u00ed si rad\u011bji p\u0159inesli sv\u00e9, pon\u011bvad\u017e se ob\u00e1vali konzumace pun\u010de z plastov\u00fdch kel\u00edmk\u016f. Prost\u011b se existence hrne\u010dk\u016f poda\u0159ila, a\u017e na p\u00e1r jedinc\u016f, fakt ututlat. A pak, \u017ee se nic neutaj\u00ed :-).<br \/>\n Vypilo se op\u011bt 80 litr\u016f lepkav\u00e9ho, sladk\u00e9ho moku.<br \/>\n Te\u010f je\u0161t\u011b pot\u0159\u00e1st ka\u017ed\u00e9mu pravic\u00ed, pop\u0159\u00e1t kr\u00e1sn\u00e9 V\u00e1noce a za za\u010d\u00ednaj\u00edc\u00edho \u0161era se odebrat k domov\u016fm, zjistit, co\u017ee to tam ten Je\u017e\u00ed\u0161ek v na\u0161\u00ed nep\u0159\u00edtomnosti vyv\u00e1d\u011bl a m\u00edt se moc kr\u00e1sn\u011b sv\u00e1te\u010dn\u011b. <\/p>\n<p>Kr\u00e1sn\u00e9 V\u00e1noce.<\/p>[Not a valid template]","protected":false},"excerpt":{"rendered":"<p>V\u00e1no\u010dn\u00ed pun\u010d 24.12.2009 N\u00e1pad na leto\u0161n\u00ed p\u0159ekvapen\u00ed se zrodil u\u017e p\u0159ed rokem v p\u0159edv\u00e1no\u010dn\u00ed V\u00eddni. Kdy\u017e m\u016f\u017ee m\u00edt V\u00edde\u0148 pun\u010dov\u00e9 hrne\u010dky, pro\u010d by je nemohlo m\u00edt Hab\u0159\u00ed! A tak se haber\u0161t\u00ed nedo\u010dkaj\u00ed \u017e\u00e1dn\u00e9 koledy, \u017e\u00e1dn\u00e9ho p\u0159edstaven\u00ed, ale na pozv\u00e1nk\u00e1ch se do\u010dtou, \u017ee si letos nemus\u00ed nosit hrne\u010dky svoje. No a na \u0160t\u011bdr\u00fd den sta\u010d\u00ed u\u017e [&hellip;]<\/p>\n","protected":false},"author":2,"featured_media":0,"parent":925,"menu_order":5,"comment_status":"open","ping_status":"closed","template":"","meta":{"ngg_post_thumbnail":0},"aioseo_notices":[],"_links":{"self":[{"href":"https:\/\/www.motorkarizhabri.cz\/index.php?rest_route=\/wp\/v2\/pages\/935"}],"collection":[{"href":"https:\/\/www.motorkarizhabri.cz\/index.php?rest_route=\/wp\/v2\/pages"}],"about":[{"href":"https:\/\/www.motorkarizhabri.cz\/index.php?rest_route=\/wp\/v2\/types\/page"}],"author":[{"embeddable":true,"href":"https:\/\/www.motorkarizhabri.cz\/index.php?rest_route=\/wp\/v2\/users\/2"}],"replies":[{"embeddable":true,"href":"https:\/\/www.motorkarizhabri.cz\/index.php?rest_route=%2Fwp%2Fv2%2Fcomments&post=935"}],"version-history":[{"count":5,"href":"https:\/\/www.motorkarizhabri.cz\/index.php?rest_route=\/wp\/v2\/pages\/935\/revisions"}],"predecessor-version":[{"id":980,"href":"https:\/\/www.motorkarizhabri.cz\/index.php?rest_route=\/wp\/v2\/pages\/935\/revisions\/980"}],"up":[{"embeddable":true,"href":"https:\/\/www.motorkarizhabri.cz\/index.php?rest_route=\/wp\/v2\/pages\/925"}],"wp:attachment":[{"href":"https:\/\/www.motorkarizhabri.cz\/index.php?rest_route=%2Fwp%2Fv2%2Fmedia&parent=935"}],"curies":[{"name":"wp","href":"https:\/\/api.w.org\/{rel}","templated":true}]}}