{"id":854,"date":"2009-09-10T08:40:41","date_gmt":"2009-09-10T07:40:41","guid":{"rendered":"http:\/\/www.motorkarizhabri.cz\/?page_id=854"},"modified":"2017-09-11T14:38:07","modified_gmt":"2017-09-11T13:38:07","slug":"smutna-zprava","status":"publish","type":"page","link":"https:\/\/www.motorkarizhabri.cz\/?page_id=854","title":{"rendered":"Smutn\u00e1 zpr\u00e1va"},"content":{"rendered":"<p>&nbsp;<\/p>\n<pre><img decoding=\"async\" src=\"https:\/\/www.motorkarizhabri.cz\/fotky\/vizitky\/frantisek.jpg\" alt=\"\" \/>\r\n<span style=\"font-family: verdana,geneva,sans-serif;\">V\u010dera 9.9.2009 bohu\u017eel nav\u017edy ode\u0161el ve v\u011bku 67 let n\u00e1\u0161 kamar\u00e1d a nejstar\u0161\u00ed\r\naktivn\u00ed motork\u00e1\u0159 z Hab\u0159\u00ed, Fanda B\u00edca.  U\u017e ho bohu\u017eel nikdy nepotk\u00e1me na jeho\r\nCBR 1000 Fireblade v jeho typick\u00fdch mont\u00e9rk\u00e1ch a PET fla\u0161kou na nosi\u010di.\r\nFando, m\u011bli jsme t\u011b r\u00e1di a budi\u017e ti motork\u00e1\u0159sk\u00e9 nebe lehk<\/span>\u00e9.\r\n\r\n<img decoding=\"async\" src=\"https:\/\/www.motorkarizhabri.cz\/fotky\/vizitky\/fanda1.jpg\" alt=\"\" \/><\/pre>\n","protected":false},"excerpt":{"rendered":"<p>&nbsp; V\u010dera 9.9.2009 bohu\u017eel nav\u017edy ode\u0161el ve v\u011bku 67 let n\u00e1\u0161 kamar\u00e1d a nejstar\u0161\u00ed aktivn\u00ed motork\u00e1\u0159 z Hab\u0159\u00ed, Fanda B\u00edca. U\u017e ho bohu\u017eel nikdy nepotk\u00e1me na jeho CBR 1000 Fireblade v jeho typick\u00fdch mont\u00e9rk\u00e1ch a PET fla\u0161kou na nosi\u010di. Fando, m\u011bli jsme t\u011b r\u00e1di a budi\u017e ti motork\u00e1\u0159sk\u00e9 nebe lehk\u00e9.<\/p>\n","protected":false},"author":1,"featured_media":0,"parent":0,"menu_order":0,"comment_status":"open","ping_status":"closed","template":"","meta":{"ngg_post_thumbnail":0},"aioseo_notices":[],"_links":{"self":[{"href":"https:\/\/www.motorkarizhabri.cz\/index.php?rest_route=\/wp\/v2\/pages\/854"}],"collection":[{"href":"https:\/\/www.motorkarizhabri.cz\/index.php?rest_route=\/wp\/v2\/pages"}],"about":[{"href":"https:\/\/www.motorkarizhabri.cz\/index.php?rest_route=\/wp\/v2\/types\/page"}],"author":[{"embeddable":true,"href":"https:\/\/www.motorkarizhabri.cz\/index.php?rest_route=\/wp\/v2\/users\/1"}],"replies":[{"embeddable":true,"href":"https:\/\/www.motorkarizhabri.cz\/index.php?rest_route=%2Fwp%2Fv2%2Fcomments&post=854"}],"version-history":[{"count":11,"href":"https:\/\/www.motorkarizhabri.cz\/index.php?rest_route=\/wp\/v2\/pages\/854\/revisions"}],"predecessor-version":[{"id":8506,"href":"https:\/\/www.motorkarizhabri.cz\/index.php?rest_route=\/wp\/v2\/pages\/854\/revisions\/8506"}],"wp:attachment":[{"href":"https:\/\/www.motorkarizhabri.cz\/index.php?rest_route=%2Fwp%2Fv2%2Fmedia&parent=854"}],"curies":[{"name":"wp","href":"https:\/\/api.w.org\/{rel}","templated":true}]}}