{"id":8408,"date":"2016-12-27T14:20:45","date_gmt":"2016-12-27T13:20:45","guid":{"rendered":"http:\/\/www.motorkarizhabri.cz\/?page_id=8408"},"modified":"2016-12-27T14:22:31","modified_gmt":"2016-12-27T13:22:31","slug":"traktorparada-5-11-2016","status":"publish","type":"page","link":"https:\/\/www.motorkarizhabri.cz\/?page_id=8408","title":{"rendered":"Traktorpar\u00e1da  5.11.2016"},"content":{"rendered":"<p>Zn\u00e1te tu o t\u011bch policajtech, jak najdou lidskou hlavu na poli? Dohaduj\u00ed se, zda napsat ,,na poli\u201c \u010di ,,na poly\u201c. Tak ji kopnou do p\u0159\u00edkopu a maj\u00ed po probl\u00e9mu. Tak to je p\u0159esn\u011b ten d\u016fvod pro\u010d se TRAKTORPAR\u00c1DA jmenovala TRAKTORPAR\u00c1DA.<\/p>\n<p>Napsala jsem na pozv\u00e1nky ,,traktoryj\u00e1da\u201c, proto\u017ee se mi ten n\u00e1zev prost\u011b l\u00edbil. Pepa mi to zatrhl, \u017ee je to \u0161patn\u011b, a \u017ee m\u00e1m napsat ,,traktori\u00e1da\u201c, co\u017e je mo\u017en\u00e1 dob\u0159e, ale mn\u011b se to ani trochu nel\u00edbilo. No, nedohodli jsme se. Tak\u017ee \u0161up s\u00a0hlavou do p\u0159\u00edkopu, ud\u011bl\u00e1me ,,traktorpar\u00e1du\u201c.<\/p>\n<p>Ono taky nakonec pro\u010d ne, v\u017edy\u0165 jde hlavn\u011b o tu par\u00e1du. O to, jak si soused\u00e9 sv\u00e9 stroje vy\u0161\u0148o\u0159\u00ed. A nejen stroje. Nap\u0159\u00edklad Honza Burger si vy\u0161\u0148o\u0159il i Janu. Nebo Jana Honzu? Nev\u00edm, ale v\u00edm, \u017ee m\u011b jejich p\u0159\u00edjezd zlomil v\u00a0pase. Jana lebed\u00edc\u00ed si ve van\u011b byla \u00fa\u017easn\u00e1.<\/p>\n<p>Krom\u011b Burger\u016f dorazil z\u00a0Kv\u00edtkovic Pepa Ho\u0161ner a Jirka Vel\u00ed\u0161ek. Za Lip\u00ed p\u0159ijeli bojovat \u010cemba, Milan a Bajza. Nejvzd\u00e1len\u011bj\u0161\u00edm \u00fa\u010dastn\u00edkem byl rozhodn\u011b W\u00e9na z\u00a0Po\u010d\u00e1tek, ale zapomn\u011bl sv\u016fj kr\u00e1sn\u00fd star\u00fd stroj vyndat z\u00a0dod\u00e1vky pode vs\u00ed, a tak jsme ho odhalili. Nedorazil po ose, tak\u017ee nejdel\u0161\u00ed cestu zdolal Lubo\u0161 z\u00a0Kali\u0161\u0165.<\/p>\n<p>Habersk\u00e1 n\u00e1ves je kr\u00e1sn\u00e1 a te\u010f ji je\u0161t\u011b vy\u0161perkovalo devaten\u00e1ct skv\u011bl\u00fdch stroj\u016f a z\u00e1vodn\u00edk\u016f.<\/p>\n<p>Pepa v\u0161em \u0159ekl co a jak a nastalo mohutn\u00e9 startov\u00e1n\u00ed. Kupodivu \u00fasp\u011b\u0161n\u00e9.<\/p>\n<p>Traktorist\u00e9 a jedna traktoristka naj\u00ed\u017ed\u011bli pomalu ke stratu, u n\u011bho\u017e je \u010dekaly z\u00e1ludn\u00e9 ot\u00e1zky. T\u0159eba jestli houka\u010dka houk\u00e1, blinkry blikaj\u00ed, st\u011bra\u010de st\u00edraj\u00ed. Zda-li je stroj vybaven ta\u017en\u00fdm lanem, startovac\u00edmi kabely a hlavn\u011b toaletn\u00edm pap\u00edrem. N\u00e9, \u017ee by ho k\u00a0z\u00e1vodu pot\u0159ebovali, ale jeden nikdy nev\u00ed. Jak\u00e9 bylo na\u0161e p\u0159ekvapen\u00ed, \u017ee se na\u0161el jeden stroj, spl\u0148uj\u00edc\u00ed v\u0161e. Jarda Mat\u011bj\u016f je vybaven na jedni\u010dku. W\u00e9na se p\u0159ikodrcal ke startu s\u00a0vyvalen\u00fdma o\u010dima a ot\u00e1zkou, jak se tam d\u00e1v\u00e1 trojka. Pr\u00fd s\u00a0t\u00edm je\u0161t\u011b nikdy nejel a m\u00e1 to hafo ovl\u00e1dac\u00edch prvk\u016f. Tak si upevnil sv\u00e9 tr\u00e9mou t\u0159esouc\u00ed ruce jednou \u0161tamprli\u010dkou dle vlastn\u00edho v\u00fdb\u011bru jako ostatn\u00ed z\u00e1vodn\u00edci a vyrazil mezi lahve na silnici. Nev\u00edm o nikom, kdo by je povalil. A ani si neuv\u011bdomuji kli\u010dkuj\u00edc\u00ed auto. V\u00fdhoda bydlen\u00ed ve vesnici, kde li\u0161ky d\u00e1vaj\u00ed dobrou noc.<\/p>\n<p>Pode vs\u00ed si traktoristi na\u0161li sv\u00e9 startovn\u00ed \u010d\u00edslo a odhrkali na zahradu, kde u\u017e na n\u011b \u010dekal Petr \u010c\u00ed\u017ek\u016f s\u00a0lukem a \u0161\u00edpy. Jeden nikdy nev\u00ed, co na poli potk\u00e1, tak je t\u0159eba se zdokonalovat i v\u00a0tomto um\u011bn\u00ed. V\u011bt\u0161ina sout\u011b\u017e\u00edc\u00edch slam\u011bn\u00e9 kolo zabila, nebo alespo\u0148 poranila. K\u00a0Petrovu m\u00edrn\u00e9mu zd\u011b\u0161en\u00ed se na\u0161li i tac\u00ed, kte\u0159\u00ed ter\u010d u\u0161et\u0159ili a st\u0159elili \u0161\u00edp do d\u00e1lky dalek\u00e9. Jo jo, prob\u011bhl se. Nejv\u00edc bod\u016f za lov krtka by si asi op\u011bt odnesl Jarda Mat\u011bj\u016f. Siskin se p\u0159i \u010dek\u00e1n\u00ed na st\u0159eleck\u00fd v\u00fdkon nudil a rozhodl se z\u00e1ke\u0159n\u011b vy\u0159adit konkurenci. Vyprovokoval W\u00e9nu ke sjet\u00ed ze str\u00e1\u0148ky dol\u016f a pak se potuteln\u011b po\u0161kleboval jeho marn\u00fdm pokus\u016fm o vyjet\u00ed. A\u017e k\u00e1rav\u00e9 pohledy n\u00e1s rozumn\u00fdch ho donutily W\u00e9n\u016fv boj ukon\u010dit, zap\u0159\u00e1hnout ho za stroj sv\u016fj a vyt\u00e1hnout. Je\u0161t\u011b si k\u00a0tomu pustil furtblik, aby si ho, gentlemana, v\u0161ichni v\u0161imli.<\/p>\n<p>Ka\u017ed\u00fd traktorista m\u00e1 ovl\u00e1d\u00e1n\u00ed sv\u00e9ho \u017eelezn\u00e9ho o\u0159e v\u00a0mal\u00edku. A dok\u00e1\u017e\u00ed s\u00a0n\u00edm divy. T\u0159eba zaparkovat na milimetr p\u0159esn\u011b. Tak\u017ee je t\u0159eba jim to trochu zkomplikovat. Zaparkovat na milimetr p\u0159esn\u011b a p\u0159itom neshodit \u017e\u00e1dn\u00e9 z\u00a0vaj\u00ed\u010dek nesouc\u00edch na tal\u00ed\u0159i. To nedaj\u00ed! Vajec jsme m\u011bli p\u0159ipraven\u00fdch hafo a s\u00a0Jardou domluveno, \u017ee mu za ka\u017ed\u00e9 rozbit\u00e9 vejce, zne\u010di\u0161\u0165uj\u00edc\u00ed jeho dv\u016fr, d\u00e1me pan\u00e1ka na uklidn\u011bnou. Jarda z\u016fstane neuklidn\u011bn, neb jedin\u00e9 padaj\u00edc\u00ed vejce nedopadlo na zem, ale Ka\u010dka si ho mrskla rovnou do boty. Neskute\u010dn\u00e9, ostatn\u00ed opravdu vejce nerozh\u00e1zeli a traktor zaparkovali tam kam cht\u011bli. Dobr\u00e1, te\u010f tedy p\u00e1r t\u00fddn\u016f budeme ke sn\u00eddan\u00edm, ob\u011bd\u016fm a ve\u010de\u0159\u00edm konzumovat vejce. M\u00e1te n\u00e1\u0161 cholesterol na sv\u011bdom\u00ed, pacholci!<\/p>\n<p>A to je v\u0161e, p\u0159\u00e1tel\u00e9! Tedy alespo\u0148 co se bodovan\u00e9 \u010d\u00e1sti odpoledne t\u00fdk\u00e1. P\u0159ich\u00e1z\u00ed \u010das oddechu a trocha toho poplk\u00e1n\u00ed. Ka\u010dka si st\u011b\u017euje, \u017ee ji z\u00a0plk\u00e1n\u00ed s\u00a0n\u00e1dhern\u011b vym\u00f3d\u011bn\u00fdm Tom\u00e1\u0161em Prollem a \u010cembou ukrutn\u011b bol\u00ed za krkem a \u017ee m\u00e1 v\u016fbec sm\u016flu. C\u00edt\u00ed se znev\u00fdhodn\u011bna, neb v\u0161ichni ostatn\u00ed m\u011bli k\u00a0dispozici p\u00e1r kon\u00ed a ona jen jednoho soba.<\/p>\n<p>Pepa se odeb\u00edr\u00e1 do tepla ob\u00fdv\u00e1ku na poradu s\u00a0kalkula\u010dkou a ostatn\u00ed vyr\u00e1\u017e\u00ed na spanilou j\u00edzdu. Kam se odeberu j\u00e1 je jasn\u00fd. Kalkula\u010dku si klidn\u011b nech\u00e1m uj\u00edt, ale j\u00edzdu devaten\u00e1cti stroj\u016f Hab\u0159\u00edm ne! Vnucujeme se se Siskinkou k\u00a0Bajzovi na k\u00e1ru a sledujeme srocen\u00ed traktor\u016f na n\u00e1vsi. Atmosf\u00e9ra se pomalu m\u011bn\u00ed ze z\u00e1vodn\u00ed na romantickou. P\u0159\u00edroda a po\u010das\u00ed hraje s\u00a0n\u00e1mi. P\u0159ipravila n\u00e1m kouzeln\u00e9 pohledy do sluncem proz\u00e1\u0159en\u00e9ho \u00fadol\u00ed\u010dka. Jasn\u00e9 podzimn\u00ed barvy okolo n\u00e1s p\u0159\u00edmo vybuchuj\u00ed. Sv\u011bt je oran\u017eovo\u017eluto\u010dervenohn\u011bdozeleno\u2026.. n\u00e1dhern\u00fd! A na to v\u0161e se p\u0159i\u0161li pod\u00edvat jeleni! Ano! Jeleni, okolo kter\u00fdch chod\u00edme div \u017ee n\u00e9 po \u0161pi\u010dk\u00e1ch, abychom je nevypla\u0161ili, p\u0159il\u00e1kal hukot nadupan\u00fdch motor\u016f a zv\u011bdav\u011b po n\u00e1s pokukovali. Mo\u017en\u00e1 doufali, \u017ee jim ka\u017ed\u00fd z\u00a0traktor\u016f veze jejich denn\u00ed p\u0159\u00edd\u011bl. Snad jen Jarda Kana\u010fan si tu n\u00e1dheru neuv\u011bdomoval a jal se z\u00e1vodit. K\u00a0nepravostem strhnul i Lubo\u0161e a jist\u011b i spoustu dal\u0161\u00edch. Ov\u0161em v\u011bt\u0161ina \u0159idi\u010d\u016f maskovala nez\u00e1jmem z\u00e1vodit fakt, \u017ee by jak\u00e9hokoliv zrychlen\u00ed jejich stroj u\u017e nebyl schopen. Dohrkali jsme se na kopec k\u00a0sv.V\u00edtu a Milan Klime\u0161\u016f ponu\u0159e prohl\u00e1sil, \u017ee sem to \u0161lo. Jen netu\u0161\u00ed, jak se dostane dol\u016f, neb mu to nebrzd\u00ed. V\u0161ichni se shodujeme, \u017ee zp\u00e1tky pojede prvn\u00ed. Posledn\u00ed p\u0159ij\u00ed\u017ed\u00ed sob\u00ed stroj Ka\u010denky. Pr\u00fd dole marn\u011b p\u0159emlouvala W\u00e9nu, a\u0165 jede, \u017ee pr\u00fd to dok\u00e1\u017ee. Asi jej\u00edmu uji\u0161\u0165ov\u00e1n\u00ed nev\u011b\u0159il a te\u010f bude skupinov\u00e9 foto bez tohoto z\u00e1stupce Vyso\u010diny. Spole\u010dn\u00e9mu focen\u00ed p\u0159edch\u00e1zela m\u00edrn\u00e1 rozja\u0159enost zp\u016fsoben\u00e1 eufori\u00ed z\u00a0vyda\u0159en\u00e9ho odpoledne, radosti z\u00e1vodn\u00edk\u016f, \u017ee to vyjeli a lahve grantsky, kterou Ka\u010dka uzmula Pepovi, Siskin Ka\u010dce a postupn\u011b v\u0161ichni v\u0161em. Nakonec se fakt pod 350let starou zd\u00ed fot\u00edme. Ze\u010f se mo\u017en\u00e1 div\u00ed, co se to tu d\u011bje, ale mo\u017en\u00e1 je za l\u00e9ta sv\u00e9 existence zvykl\u00e1 na tolik pt\u00e1kovin, \u017ee ji nep\u0159ekvap\u00edme. Co\u017e se ned\u00e1 \u0159\u00edct o p\u00e1r turistech, hledaj\u00edc tu klid a ticho. Nena\u0161li. Pravda je, \u017ee se pov\u011bt\u0161inou usm\u00edvali, tak jsme jim snad moc nevadili. Na cestu dol\u016f si sed\u00e1m na pohodlnou seda\u010dku v\u00a0traktoru Petra Liebla a hlavn\u011b d\u00e1v\u00e1m pozor, abychom m\u011bli Milana p\u0159ed sebou.<\/p>\n<p>Dole se jdu pod\u00edvat na po\u010d\u00edtaj\u00edc\u00edho Pepu a ostatn\u00ed zat\u00edm parkuj\u00ed sv\u00e9 stroje ve dvo\u0159e a t\u011bla v\u00a0hospod\u011b u piva a klob\u00e1s. Po dopo\u010d\u00edt\u00e1n\u00ed se s\u00a0Pepou taky odeb\u00edr\u00e1me na pivo s\u00a0klob\u00e1sou a hlavn\u011b na vyhl\u00e1\u0161en\u00ed v\u00fdsledk\u016f. Po otev\u0159en\u00ed dve\u0159\u00ed do s\u00e1lu se zaraz\u00edm a trochu s\u00a0\u00falekem couvnu zp\u011bt. Pepa mi \u0161l\u00e1pne na patu a pt\u00e1 se co blbnu. A pak to uvid\u00ed taky. Tak takhle nat\u0159\u00edskan\u00fd s\u00e1l nepamatuji. Nebudeme si m\u00edt kam sednout. Na fin\u00e1le t\u00e9hle ta\u0161ka\u0159ice se p\u0159i\u0161lo a p\u0159ijelo pod\u00edvat krom\u011b z\u00e1vodn\u00edk\u016f i spousta dal\u0161\u00edch kamar\u00e1d\u016f a soused\u016f. Par\u00e1dn\u00ed! Dokonce se na\u0161el i z\u00e1vodn\u00edk, kter\u00fd dorazil se zpo\u017ed\u011bn\u00edm asi tak \u010dty\u0159 hodin. P\u0159esto byl Rampa vesel a o\u010dividn\u011b \u0161\u0165asten.<\/p>\n<p>Tak\u017ee: Kdo vyhr\u00e1l? A nen\u00ed ono to vlastn\u011b fuk? Ale Kamil m\u00e1 ze sv\u00e9ho v\u00edt\u011bzstv\u00ed takovou radost, \u017ee sk\u00e1\u010de po le\u0161en\u00ed, tak asi nen\u00ed. Prvn\u00ed m\u00edsto za originalitu z\u00edsk\u00e1v\u00e1 \u010cemba a p\u0159i p\u0159evzet\u00ed ceny se postar\u00e1 o dojemnou chvilku, kdy\u017e \u0159\u00edk\u00e1, \u017ee tenhle stroj rozchodil po dvaceti letech, kdy s\u00a0n\u00edm jezd\u00edval d\u011bda. \u010cemba se pr\u00fd budil v\u00a0noci hr\u016fzou, \u017ee mu d\u011bd\u016fv trakt\u016frek klekne kdesi mezi zat\u00e1\u010dkami. Neklekl, do Hab\u0159\u00ed ho dovezl, ale zl\u00ed jazykov\u00e9 po p\u00e1r dnech tvrdily, \u017ee mu mezi zat\u00e1\u010dkami po cest\u011b zp\u011bt do\u0161el benz\u00edn. Za to d\u011bda fakt nemohl.<\/p>\n<p>A te\u010f je to opravdu v\u0161e, p\u0159\u00e1tel\u00e9. Te\u010f u\u017e opravdu jen tu klob\u00e1su a pivo a p\u0159em\u00fd\u0161let nad dal\u0161\u00ed blbinou.<\/p>\n<p>Fotky \ud83d\ude42<\/p>\n<p><a href=\"http:\/\/barcafotky.rajce.idnes.cz\/Traktorparada_5.11.2016\/\">http:\/\/barcafotky.rajce.idnes.cz\/Traktorparada_5.11.2016\/<\/a><\/p>\n<p>&nbsp;<\/p>\n","protected":false},"excerpt":{"rendered":"<p>Zn\u00e1te tu o t\u011bch policajtech, jak najdou lidskou hlavu na poli? Dohaduj\u00ed se, zda napsat ,,na poli\u201c \u010di ,,na poly\u201c. Tak ji kopnou do p\u0159\u00edkopu a maj\u00ed po probl\u00e9mu. Tak to je p\u0159esn\u011b ten d\u016fvod pro\u010d se TRAKTORPAR\u00c1DA jmenovala TRAKTORPAR\u00c1DA. Napsala jsem na pozv\u00e1nky ,,traktoryj\u00e1da\u201c, proto\u017ee se mi ten n\u00e1zev prost\u011b l\u00edbil. Pepa mi to [&hellip;]<\/p>\n","protected":false},"author":2,"featured_media":0,"parent":402,"menu_order":32,"comment_status":"closed","ping_status":"closed","template":"","meta":{"ngg_post_thumbnail":0},"aioseo_notices":[],"_links":{"self":[{"href":"https:\/\/www.motorkarizhabri.cz\/index.php?rest_route=\/wp\/v2\/pages\/8408"}],"collection":[{"href":"https:\/\/www.motorkarizhabri.cz\/index.php?rest_route=\/wp\/v2\/pages"}],"about":[{"href":"https:\/\/www.motorkarizhabri.cz\/index.php?rest_route=\/wp\/v2\/types\/page"}],"author":[{"embeddable":true,"href":"https:\/\/www.motorkarizhabri.cz\/index.php?rest_route=\/wp\/v2\/users\/2"}],"replies":[{"embeddable":true,"href":"https:\/\/www.motorkarizhabri.cz\/index.php?rest_route=%2Fwp%2Fv2%2Fcomments&post=8408"}],"version-history":[{"count":3,"href":"https:\/\/www.motorkarizhabri.cz\/index.php?rest_route=\/wp\/v2\/pages\/8408\/revisions"}],"predecessor-version":[{"id":8411,"href":"https:\/\/www.motorkarizhabri.cz\/index.php?rest_route=\/wp\/v2\/pages\/8408\/revisions\/8411"}],"up":[{"embeddable":true,"href":"https:\/\/www.motorkarizhabri.cz\/index.php?rest_route=\/wp\/v2\/pages\/402"}],"wp:attachment":[{"href":"https:\/\/www.motorkarizhabri.cz\/index.php?rest_route=%2Fwp%2Fv2%2Fmedia&parent=8408"}],"curies":[{"name":"wp","href":"https:\/\/api.w.org\/{rel}","templated":true}]}}