{"id":8390,"date":"2016-07-16T07:37:27","date_gmt":"2016-07-16T06:37:27","guid":{"rendered":"http:\/\/www.motorkarizhabri.cz\/?page_id=8390"},"modified":"2016-07-17T21:22:14","modified_gmt":"2016-07-17T20:22:14","slug":"stanovani-i-vita-9-7-2016","status":"publish","type":"page","link":"https:\/\/www.motorkarizhabri.cz\/?page_id=8390","title":{"rendered":"Stanov\u00e1n\u00ed i V\u00edta 9.7.2016"},"content":{"rendered":"<p>\u010cas hork\u00fdch noc\u00ed dorazil i na konec sv\u011bta, nebo alespo\u0148 do Hab\u0159\u00ed. Tepl\u00e9 \u010dervencov\u00e9 ve\u010dery, tr\u00e1ven\u00e9 pov\u011bt\u0161inou pospolit\u011b, nab\u00e1daj\u00ed k\u00a0r\u016fzn\u011b bl\u00e1zniv\u00fdm akc\u00edm. A kdy\u017e Ani\u010dka p\u0159ijde s\u00a0n\u00e1padem sp\u00e1t ve stanu, tak je to vcelku to nejlogi\u010dt\u011bj\u0161\u00ed, co kdo m\u016f\u017ee navrhnout. A \u017ee to Sl\u00e1vka rozvine d\u00e1l, \u017ee by se mohlo sp\u00e1t jinde, ne\u017e na dosah kuchy\u0148sk\u00e9 linky a nabl\u00fdskan\u00e9 toalety je jen ku prosp\u011bchu v\u011bci. Ostatn\u00ed u\u017e jde tak n\u011bjak samo.<\/p>\n<p>Jedna mal\u00e1 perli\u010dka z\u00a0p\u0159\u00edprav:<\/p>\n<p>J\u00e1: ,,Blani, kdy\u017e tu m\u00e1\u0161 Alexe a Kry\u0161tofa, poj\u010f taky stanovat k\u00a0V\u00edtu\u201c<\/p>\n<p>Blanka: ,,No nev\u00edm, my ani nem\u00e1me stan\u201c<\/p>\n<p>J\u00e1: ,,To nevad\u00ed, vejdeme se do na\u0161eho\u201c<\/p>\n<p>Blanka: ,,No a taky bych mohla sp\u00e1t t\u0159eba pod \u0161ir\u00e1kem\u201c\u00a8<\/p>\n<p>J\u00e1: ,,No to bych taky mohla\u201c<\/p>\n<p>Alex: ,,Vy m\u00e1te taky \u0161ir\u00e1k\u201c\u00a8 \u00a0\ud83d\ude42<\/p>\n<p>Do akce se zapojil i sk\u0159\u00edtek Hab\u0159\u00edk. \u017de pr\u00fd bude sp\u00e1t s\u00a0n\u00e1mi, \u017ee je to skv\u011bl\u00fd n\u00e1pad, \u017ee se moc t\u011b\u0161\u00ed a \u017ee n\u00e1s bude celou noc hl\u00eddat. Jen se za to chce po cest\u011b trochu pobavit a pohr\u00e1t si.<\/p>\n<p>A tak se v\u0161ichni, deset d\u011bt\u00ed a sedm dosp\u011bl\u00fdch v\u00a0podob\u011b maminek, babi\u010dek \u010di tet, sch\u00e1z\u00edme v\u00a0hork\u00fd sobotn\u00ed ve\u010der 9.7.2016 na n\u00e1vsi. Chlapi tam byli taky. Asi proto, aby zam\u00e1\u010dkli slzu, neb je \u010dekala smutn\u00e1 noc bez man\u017eelek a d\u011bt\u00ed. Nev\u00edm tedy pro\u010d se usm\u00edvaj\u00ed a h\u00fd\u0159\u00ed vtipy.<\/p>\n<p>Sk\u0159\u00edtek Hab\u0159\u00edk se radost\u00ed cel\u00fd tetelil a \u0159ekl n\u00e1m, kudy kam. Tedy ne! Kudy kam si m\u00e1me naj\u00edt samy. Podle f\u00e1bork\u016f v\u0161ech mo\u017en\u00fdch barev. Tak jdeme. F\u00e1borky n\u00e1s naviguj\u00ed sm\u011brem ze vsi a my je r\u00e1dy poslouch\u00e1me. Ob\u010das n\u00e1s zastav\u00ed f\u00e1borkov\u00fd trs a tam dostaneme n\u011bjak\u00fd ten \u00fakol. Hned u prvn\u00edho se maminky, babi\u010dky, teti\u010dky podivovaly, \u017ee jsou p\u0159i n\u011bm taky zapot\u0159eb\u00ed. Jsou. D\u011blaj\u00ed dlouh\u00fd tunel, kter\u00fdm d\u011bti prol\u00e9zaj\u00ed.<\/p>\n<p>A jdeme d\u00e1l. Al\u010da trochu hudruje, \u017ee pr\u00fd jakoby nesta\u010dilo, \u017ee k\u00fdvla na stanov\u00e1n\u00ed, ale \u017ee bude muset je\u0161t\u011b p\u011b\u0161ky z\u00a0Hab\u0159\u00ed a dokonce plnit \u00fakoly, tak to u\u017e je fakt nad jej\u00ed s\u00edly. Vzhledem k\u00a0tomu, \u017ee to \u0159\u00edk\u00e1 s\u00a0\u00fasm\u011bvem, ji tak moc v\u00e1\u017en\u011b nebereme. Lucka ji p\u0159ipom\u00edn\u00e1, \u017ee p\u0159i pl\u00e1nov\u00e1n\u00ed akce byla moc nad\u0161en\u00e1. Tak to b\u00fdv\u00e1 \ud83d\ude42 .<\/p>\n<p>,,J\u00e1 m\u00e1m v\u0161i\u201c n\u00e1s zmraz\u00ed. Kdosi vydechne: ,,CO\u017dE?!\u201c Hl\u00e1\u0161ka: ,,ale jenom trochu\u201c rozd\u011bl\u00ed dosp\u011blou \u010d\u00e1st na dv\u011b poloviny. Na polovinu chechtaj\u00edc\u00ed se a na tu druhou, dost zd\u011b\u0161enou. Po p\u00e1r telefon\u00e1tech je probl\u00e9m vy\u0159e\u0161en, hl\u00e1\u0161ka ,,ale jenom trochu\u201c se st\u00e1v\u00e1 hl\u00e1\u0161kou v\u00fdpravy a jde se d\u00e1l.<\/p>\n<p>U dal\u0161\u00edho trsu f\u00e1bork\u016f dost\u00e1v\u00e1me nad hlavy hada a nesm\u00edme ho p\u0159etrhnout. D\u011bti \u0161ly poslu\u0161n\u011b, hada si h\u0159\u00e1ly na prsou\u2026.. n\u00e9, nad hlavou! a byly moc opatrn\u00e9. \u017densk\u00fd doprovod to vzal trochu razantn\u011bji a jemn\u00e9 had\u00ed t\u011blo dost brzy roztrhal. On ten toale\u0165\u00e1k u\u017e moc nevydr\u017e\u00ed. Brblaj\u00edc\u00ed Al\u010da nebrbl\u00e1, naopak si akci u\u017e\u00edv\u00e1 a nab\u00edz\u00ed se k\u00a0uloven\u00ed f\u00e1borku nad kop\u0159ivami. Pop\u00e1lenou Al\u010du v\u0161ichni lituj\u00ed, zvl\u00e1\u0161tn\u00ed je, \u017ee nikdo nelituje sk\u0159\u00edtka, kter\u00fd f\u00e1borky tam nad ty kop\u0159ivy p\u0159ivazoval.<\/p>\n<p>Po chv\u00edli mus\u00edme p\u0159eskakovat z\u00a0ostr\u016fvku na ostr\u016fvek a podl\u00e9zat a p\u0159el\u00e9zat lano. Co\u017e zvl\u00e1dneme i p\u0159es to, \u017ee n\u011bkter\u00e9 z\u00a0n\u00e1s ho maj\u00ed ukrutn\u011b vysoko, \u010di naopak n\u00edzko. A jdeme d\u00e1l.<\/p>\n<p>P\u0159edposledn\u00ed \u00fakol na cest\u011b zn\u00ed: nabrat si n\u011bjak\u00e9 klac\u00edky, \u0161i\u0161ky, l\u00edstky a tak podobn\u011b. M\u00e1me toho nasb\u00edrat tolik, kolik je n\u00e1m let. Tak dob\u0159e, tohle pln\u00ed jen d\u011bti. V\u011bt\u0161ina p\u0159\u00edtomn\u00fdch dam by\u00a0\u00a0 pot\u0159ebovala n\u016f\u0161i.<\/p>\n<p>Sesb\u00edran\u00fd p\u0159\u00edrodn\u00ed materi\u00e1l vyu\u017eij\u00ed d\u011bti na posledn\u00edm stanovi\u0161ti. P\u0159idaj\u00ed k\u00a0n\u011bmu materi\u00e1l stavebn\u00ed a vystav\u00ed sk\u0159\u00edtk\u016fm kr\u00e1sn\u00e9 domy. A za ty dostanou od sk\u0159\u00edtka Hab\u0159\u00edka dal\u0161\u00ed, u\u017e \u0161estou, kuli\u010dku na n\u00e1hrdeln\u00edk. Hab\u0159\u00edk rozdal v\u0161echny sv\u00e9 kuli\u010dky a uznal, \u017ee si s\u00a0n\u00edm d\u011bti a nakonec i dosp\u011bl\u00e1ck\u00fd doprovod hr\u00e1l moc p\u011bkn\u011b a \u017ee si v\u0161ichni zaslou\u017e\u00ed poklad. Prozradil n\u00e1m, kde ho najdeme a te\u010f u\u017e se m\u016f\u017ee jen v\u00a0pohod\u011b d\u00edvat, jak jdeme stanovat.<\/p>\n<p>U n\u011bkter\u00e9 z\u00a0pos\u00e1dek se uk\u00e1zalo, \u017ee mu\u017esk\u00e1 ruka je nutn\u00e1 a ke slovu se dostaly n\u00e1pov\u011bdy na telefonu. Za nejzaj\u00edmav\u011bj\u0161\u00ed pova\u017euji stav\u011bn\u00ed stanu u Sl\u00e1vky. U\u017e postaven\u00fd stan ji p\u0159ivezl Kamil dod\u00e1vkou. A doladil to babi\u010dkovskou pe\u0159inou evokuj\u00edc\u00ed teplou pec a vo\u0148av\u00e9 buchty. Pro\u010d ne? Ivan\u011b p\u0159ijel na pomoc Dan a Al\u010de Lucka s\u00a0Petrem. Tady se na chvilku zastavme. Nebo alespo\u0148 jsem se u stav\u011bn\u00ed sv\u00e9ho stanu zastavila j\u00e1, p\u0159i pohledu na stan pro Al\u010du. Nejv\u011bt\u0161\u00ed \u017eensk\u00e1 z\u00a0Hab\u0159\u00ed m\u00e1 sp\u00e1t v\u00a0pidi hrac\u00edm stanu pro d\u011bti. \u00a0Nebo tak alespo\u0148 vypadaj\u00edc\u00edm. Al\u010da chvilku nev\u011b\u0159\u00edcn\u011b kouk\u00e1 na stan a pak se obrac\u00ed na Lucku s\u00a0ot\u00e1zkou, zda um\u00ed p\u00edsni\u010dku ,,M\u00e1m mal\u00fd stan\u201c, \u017ee bude pot\u0159eba si ji zazp\u00edvat. P\u0159em\u011b\u0159uje kolik z\u00a0jej\u00edho t\u011bla bude vy\u010duhovat mimo stan. Dost. Rozv\u00e1\u017en\u00fdm krokem si odch\u00e1z\u00ed sednout na lavi\u010dku. Velmi zamy\u0161len\u011b a dlouze potahuje z cigarety.<\/p>\n<p>My ostatn\u00ed stav\u00edme sv\u00e1 obydl\u00ed a jedn\u00edm okem sleduji M\u00edru s\u00a0M\u00e1\u0165ou, jak si vedou skv\u011ble. Bez dosp\u011bl\u00e9ho doprovodu a bez dohadov\u00e1n\u00ed si um\u00ed poradit. Ve fin\u00e1le p\u0159ijel tat\u00ednek, ale v\u011b\u0159\u00edm, \u017ee by si to kluci doladili sami.<\/p>\n<p>Ivana se dr\u017e\u00ed a ne\u0159\u00edk\u00e1, \u017ee m\u00e1 fakt dost bolav\u00e1 z\u00e1da. To vyjde najevo, a\u017e kdy\u017e ji Dan nafukuje velkou matra\u010dku a B\u00e1ra d\u00e1v\u00e1 injekci. Ano, i takov\u00e9 v\u011bci se tu d\u011bly.<\/p>\n<p>Doprovodn\u00e1 auta odjela, stany stoj\u00ed, ohe\u0148 ho\u0159\u00ed a d\u011bti se n\u00e1m tro\u0161ku rozutekly. D\u00e1v\u00e1me jim trochu t\u00e9 pr\u00e1zdninov\u00e9 volnosti a v\u011b\u0159\u00edme, \u017ee je hlad brzy p\u0159ivede zp\u011bt pod na\u0161e k\u0159\u00eddla. Je tomu tak a zelen\u00fdm \u00fadol\u00ed\u010dkem se line v\u016fn\u011b pe\u010den\u00fdch \u0161pek\u00e1\u010dk\u016f. N\u011bkdo je zakusuje chlebem, n\u011bkdo su\u0161enkami a i bonbony p\u0159i\u0161ly na \u0159adu. V\u011b\u0159\u00edme, \u017ee \u017ealudky t\u00e1born\u00edk\u016f v\u0161e ustoj\u00ed. Po \u010dase si pe\u010deme i hady. Co na tom, \u017ee jsou jen z\u00a0mouky a vody. Chutnaj\u00ed jak prav\u00ed.<\/p>\n<p>Ve\u010der se pomalu m\u011bn\u00ed v\u00a0noc, zapalujeme lampionky a za\u010d\u00edn\u00e1me si zp\u00edvat p\u00edsni\u010dky. Alex zp\u00edv\u00e1 n\u011bjakou stra\u0161idelnou a Emma si zacp\u00e1v\u00e1 u\u0161i. Tak jdeme rad\u011bji do vtip\u016f. U n\u011bkter\u00fdch marn\u011b p\u00e1tr\u00e1me po point\u011b a n\u011bkter\u00e9 n\u00e1s fakt pobav\u00ed. T\u0159eba ten Bar\u010di: ,,Pro\u010d jsi namaloval tat\u00ednkovi zelen\u00e9 vlasy?\u201c ,,Proto\u017ee nem\u00e1m ple\u0161atou pastelku\u201c :-).<\/p>\n<p>D\u011bti se nerozb\u00edhaj\u00ed, sed\u00ed u n\u00e1s a pov\u011bt\u0161inou tvrd\u00ed, \u017ee se jim ale v\u016fbec nechce sp\u00e1t. Co\u017e u\u017e jim tak moc nev\u011b\u0159\u00edme a v\u00a0p\u016fl jeden\u00e1ct\u00e9 je \u017eeneme do pel\u00ed\u0161k\u016f. Tady mus\u00edm zas pochv\u00e1lit kluky Chrom\u00fdch. M\u00edra se jako prvn\u00ed zvedl, \u0159ekl Kry\u0161tofovi s\u00a0Maty\u00e1\u0161em, \u017ee se jde sp\u00e1t a bez dosp\u011bl\u00e1ck\u00e9ho doprovodu v\u0161e skv\u011ble oko\u010d\u00edroval. Tahle p\u00e1nsk\u00e1 os\u00e1dka v\u00fdpravy spala jako prvn\u00ed. Holky, Emi\u010dku s\u00a0Bar\u010dou, sly\u0161\u00edme \u0161t\u011bbetat je\u0161t\u011b dlouho a ze stanu Sl\u00e1vky s\u00a0Ani\u010dkou se oz\u00fdv\u00e1 vypr\u00e1v\u011bn\u00ed poh\u00e1dky. Pr\u00fd se nese a\u017e k\u00a0u\u0161\u00edm Kub\u00edka a Al\u010da to kvituje s\u00a0povd\u011bkem. Alex, tvrd\u00edc\u00ed, \u017ee sp\u00e1t v\u016fbec nep\u016fjde, to zalom\u00ed sotva ulo\u017e\u00ed hlavu do spac\u00e1ku a nejmlad\u0161\u00ed t\u00e1bornici, B\u011btce, trv\u00e1 us\u00edn\u00e1n\u00ed nejd\u00e9le.<\/p>\n<p>Nakonec se ale pod kr\u00e1snou st\u011bnou Sv.V\u00edta oz\u00e1\u0159enou ohn\u011bm dosp\u011bl\u00e9 \u00fa\u010dastnice z\u00e1jezdu sch\u00e1zej\u00ed. Chyb\u00ed jen Sl\u00e1vka, kterou poh\u00e1dka uspala.<\/p>\n<p>Nad n\u00e1mi sv\u00edt\u00edc\u00ed n\u00e1dhera na nebi, kolem n\u00e1s p\u0159\u00edv\u011btiv\u00fd les a v\u00a0n\u00e1s pocit klidu a pohody. Ka\u017ed\u00e1 si tak pro sebe \u0159\u00edk\u00e1me, \u017ee se n\u00e1m to vyda\u0159ilo a \u017ee d\u011bti vypadaly fakt spokojen\u011b a o to \u0161lo. Jen Al\u010da \u0159\u00edk\u00e1 nahlas: ,,hlavn\u011b aby se to Kub\u00edkovi nel\u00edbilo\u201c. \u010c\u00edm\u017e n\u00e1\u0161 v\u00fdbuch sm\u00edchu naru\u0161uje klid noci a vznik\u00e1 druh\u00e1 hl\u00e1\u0161ka v\u00fdpravy. Uji\u0161\u0165ujeme ji, \u017ee Kub\u00edk vypadal nejnad\u0161en\u011bji a \u017ee ji nezbude, ne\u017e si koupit stan.<\/p>\n<p>V\u00a0jednu se rozch\u00e1z\u00edme, n\u011bkter\u00e9 z\u00a0n\u00e1s us\u00ednaj\u00ed a n\u011bkter\u00e9 poslouchaj\u00ed zvuky noci. Oddychov\u00e1n\u00ed mal\u00fdch t\u00e1born\u00edk\u016f napasovan\u00fdch ke st\u011bn\u00e1m stan\u016f, neb rovn\u00fd plac tu nepotkat, houk\u00e1n\u00ed sov, \u0161t\u011bkot srnce a mili\u00f3ny tich\u00fdch nezn\u00e1m\u00fdch \u0161ramot\u016f nesouc\u00edch se z\u00a0lesa.<\/p>\n<p>&nbsp;<\/p>\n<p>Samsonovo ,,\u2026m\u00e1m r\u00e1d ty chv\u00edle kdy noc u\u017e pomalu kon\u010d\u00ed\u2026\u201c mi p\u0159i rozd\u011bl\u00e1v\u00e1n\u00ed ohn\u011b zn\u00ed v\u00a0hlav\u011b. M\u00e1m r\u00e1da ty chv\u00edle napln\u011bn\u00e9 rann\u00edmi zvuky. Oddychov\u00e1n\u00ed sp\u00e1\u010d\u016f se m\u00eds\u00ed se zp\u011bvem pt\u00e1k\u016f, \u0161krtnut\u00ed sirky zn\u00ed jako v\u00fdbuch a \u0165uknut\u00ed e\u0161us\u016f jako hra zvon\u016f. Vzh\u016fru je zat\u00edm jen Sl\u00e1vka. Slunce se drav\u011b, ale marn\u011b sna\u017e\u00ed prodrat hust\u00fdmi ka\u0161tany a do rann\u00edho ticha se postupn\u011b oz\u00fdvaj\u00ed zipy a \u0161eptan\u00e9 pozdravy. Ivana p\u0159ich\u00e1z\u00ed s\u00a0\u00fasm\u011bvem, div \u017ee n\u00e9 s\u00a0rozcvi\u010dkou. Z\u00e1da j\u00ed nebol\u00ed! Tak\u017ee jsme na to p\u0159i\u0161ly. Ivan\u011b ned\u011bl\u00e1 dob\u0159e pohodl\u00ed postele. M\u011bla by sp\u00e1t ve stanu a bude fit. Pop\u00edj\u00edme k\u00e1vu a sledujeme drobo\u0165 lezouc\u00ed z\u00a0pelech\u016f. Jedna z\u00a0posledn\u00edch p\u0159iklop\u00fdt\u00e1v\u00e1 zmuchlan\u00e1 Al\u010da. Pt\u00e1 se, jestli sebou m\u00e1me pr\u00e1\u0161ky na v\u0161e. Jestli se c\u00edt\u00ed tak jak vypad\u00e1, tak ji fakt lituji. A jen o fous l\u00e9pe vypad\u00e1 Kry\u0161tof. Blanka mu sah\u00e1 na \u010delo a velmi nerada se lou\u010d\u00ed a vede ho dom\u016f do postele. Pravd\u011bpodobn\u011b ho p\u0159epralo v\u010derej\u0161\u00ed slun\u00ed\u010dko.<\/p>\n<p>Bor\u016fvkov\u00fd kol\u00e1\u010d, su\u0161enky, pi\u0161koty se p\u0159em\u00edstily z\u00a0krabi\u010dek do pupk\u016f a je na \u010dase bourat stany.<\/p>\n<p>A pak u\u017e jen tak sed\u00edme a tlach\u00e1me. D\u011bti vypadaj\u00ed unaven\u011b, spokojen\u011b a barevn\u011b. To p\u0159i\u0161ly na \u0159adu i barvy na obli\u010dej.<\/p>\n<p>Pokl\u00edz\u00edme po n\u00e1s i po part\u011b, kter\u00e1 tu h\u00fd\u0159ila p\u0159ed n\u00e1mi a n\u011bjak prodlu\u017eujeme \u010das k odchodu. Nechce se n\u00e1m odtud. I Al\u010de se vrac\u00ed zdrav\u00e1 barva a chu\u0165 do \u017eivota. Kub\u00edkovo uji\u0161t\u011bn\u00ed, \u017ee se mu to moc l\u00edb\u00ed a \u017ee chce j\u00edt stanovat znovu ji dokonce ani nep\u0159iv\u00e1d\u00ed do mdlob. Alex, kter\u00e9ho n\u00e1m tu babi\u010dka nechala se pt\u00e1, kdy to znovu bude, zda dnes. P\u0159i negativn\u00ed odpov\u011bdi se tv\u00e1\u0159\u00ed m\u00edrn\u011b mrzut\u011b. Sv\u00fdm postojem vyj\u00e1d\u0159il pocity v\u0161ech d\u011bt\u00ed. S\u00a0v\u011bdom\u00edm, \u017ee jsme tenhle \u010das pro\u017eily opravdu smyslupln\u011b zanech\u00e1v\u00e1me palou\u010dek u Sv.V\u00edta sv\u00e9mu klidu a pomalu odch\u00e1z\u00edme. Pomalu proto\u017ee se n\u00e1m odtud nechce a taky proto, \u017ee n\u011bkter\u00fdm z\u00a0n\u00e1s ta kolena n\u011bjak neslou\u017e\u00ed.<\/p>\n<p>Bylo to SUPER!!! D\u00edky v\u0161em \ud83d\ude42<\/p>\n<p>&nbsp;<\/p>\n<p>Po p\u00e1r dnech jsem se dozv\u011bd\u011bla, \u017ee kluci Chrom\u00fdch se doma ptaj\u00ed, kdy se p\u016fjde stanovat znovu, a \u017ee by se m\u011blo j\u00edt pro zm\u011bnu s\u00a0tat\u00ednky. Pova\u017euji to za vynikaj\u00edc\u00ed n\u00e1pad, to by maminky tu slzu ur\u010dit\u011b uronily \ud83d\ude00 .<\/p>\n<p>&nbsp;<\/p>\n<p>P.S.<\/p>\n<p>j\u00f3 baby, a je\u0161t\u011b jsme nevypily ten n\u00e1\u0161 poklad \ud83d\ude09<\/p>\n<p>&nbsp;<\/p>\n<p><a href=\"http:\/\/barcafotky.rajce.idnes.cz\/Stanovani_u_Vita_9.7.2016\/\">http:\/\/barcafotky.rajce.idnes.cz\/Stanovani_u_Vita_9.7.2016\/<\/a><\/p>\n","protected":false},"excerpt":{"rendered":"<p>\u010cas hork\u00fdch noc\u00ed dorazil i na konec sv\u011bta, nebo alespo\u0148 do Hab\u0159\u00ed. Tepl\u00e9 \u010dervencov\u00e9 ve\u010dery, tr\u00e1ven\u00e9 pov\u011bt\u0161inou pospolit\u011b, nab\u00e1daj\u00ed k\u00a0r\u016fzn\u011b bl\u00e1zniv\u00fdm akc\u00edm. A kdy\u017e Ani\u010dka p\u0159ijde s\u00a0n\u00e1padem sp\u00e1t ve stanu, tak je to vcelku to nejlogi\u010dt\u011bj\u0161\u00ed, co kdo m\u016f\u017ee navrhnout. A \u017ee to Sl\u00e1vka rozvine d\u00e1l, \u017ee by se mohlo sp\u00e1t jinde, ne\u017e na dosah [&hellip;]<\/p>\n","protected":false},"author":2,"featured_media":0,"parent":402,"menu_order":31,"comment_status":"closed","ping_status":"closed","template":"","meta":{"ngg_post_thumbnail":0},"aioseo_notices":[],"_links":{"self":[{"href":"https:\/\/www.motorkarizhabri.cz\/index.php?rest_route=\/wp\/v2\/pages\/8390"}],"collection":[{"href":"https:\/\/www.motorkarizhabri.cz\/index.php?rest_route=\/wp\/v2\/pages"}],"about":[{"href":"https:\/\/www.motorkarizhabri.cz\/index.php?rest_route=\/wp\/v2\/types\/page"}],"author":[{"embeddable":true,"href":"https:\/\/www.motorkarizhabri.cz\/index.php?rest_route=\/wp\/v2\/users\/2"}],"replies":[{"embeddable":true,"href":"https:\/\/www.motorkarizhabri.cz\/index.php?rest_route=%2Fwp%2Fv2%2Fcomments&post=8390"}],"version-history":[{"count":6,"href":"https:\/\/www.motorkarizhabri.cz\/index.php?rest_route=\/wp\/v2\/pages\/8390\/revisions"}],"predecessor-version":[{"id":8396,"href":"https:\/\/www.motorkarizhabri.cz\/index.php?rest_route=\/wp\/v2\/pages\/8390\/revisions\/8396"}],"up":[{"embeddable":true,"href":"https:\/\/www.motorkarizhabri.cz\/index.php?rest_route=\/wp\/v2\/pages\/402"}],"wp:attachment":[{"href":"https:\/\/www.motorkarizhabri.cz\/index.php?rest_route=%2Fwp%2Fv2%2Fmedia&parent=8390"}],"curies":[{"name":"wp","href":"https:\/\/api.w.org\/{rel}","templated":true}]}}