{"id":7885,"date":"2015-05-04T20:21:25","date_gmt":"2015-05-04T19:21:25","guid":{"rendered":"http:\/\/www.motorkarizhabri.cz\/?page_id=7885"},"modified":"2015-05-04T20:21:25","modified_gmt":"2015-05-04T19:21:25","slug":"carodejky-30-4-2015","status":"publish","type":"page","link":"https:\/\/www.motorkarizhabri.cz\/?page_id=7885","title":{"rendered":"\u010carod\u011bjky 30.4.2015"},"content":{"rendered":"<p><em>\u00a0\u00a0\u00a0 Mil\u00e9 \u010darod\u011bjky,\u00a0 op\u011bt p\u0159ich\u00e1z\u00ed \u010das na\u0161ich rej\u016f a dov\u00e1d\u011bn\u00ed. Op\u011bt je t\u0159eba odlo\u017eit na\u0161e nep\u011bkn\u00e9 lidsk\u00e9 podoby, nastartovat ko\u0161\u0165ata,opr\u00e1\u0161it n\u00e1dhern\u00e9 r\u00f3by a s\u00a0n\u00e1padit\u00fdmi friz\u00farami na na\u0161ich \u00fa\u017easn\u00fdch \u010darod\u011bjnick\u00fdch kebul\u00edch vylet\u011bt nad haberskou n\u00e1ves. <\/em><\/p>\n<p><em>Sejdeme se ve \u010dtvrtek, posledn\u00ed den apr\u00edlov\u00fd v\u00a0p\u016fl sedm\u00e9 u habersk\u00e9 \u010dek\u00e1rny. Pot\u00e9 na habersk\u00e9 n\u00e1vsi pobav\u00edme sebe, na\u0161e sousedy a hlavn\u011b n\u00e1\u0161\u00a0 \u010darod\u011bjnick\u00fd pot\u011br, se kter\u00fdm si zahrajeme rozli\u010dn\u00e9 hry. Tak p\u0159ile\u0165te <\/em><em>J. <\/em><\/p>\n<p><em>( snad nebude pr\u0161et \ud83d\ude09 )<\/em><\/p>\n<p>&nbsp;<\/p>\n<p>\u2026a nepr\u0161elo\u2026..a tak p\u0159eci jen p\u00e1r vy\u0161\u0148o\u0159en\u00fdch \u010darod\u011bjnic na slet p\u0159il\u00e9tlo. A na haberskou n\u00e1ves zav\u00edtal \u010darod\u011bjnick\u00fd\u00a0 i lidsk\u00fd pot\u011br, zv\u011bdav\u00fd na kejkle, kter\u00e9 se tu budou d\u00edt. Kejkle si my, rozumn\u00e9 \u010darod\u011bjky, nech\u00e1me na jindy. Te\u010f rad\u011bji onen pot\u011br pot\u011b\u0161\u00edme n\u011bjakou tou sout\u011b\u017e\u00ed a hrou. A tak pr\u010folata krmila k\u0159ivozubou \u010darod\u011bjku, p\u0159ech\u00e1zela ba\u017einu, lovila my\u0161i, h\u00e1zela krou\u017ekem i m\u00ed\u010dkem, obch\u00e1zela ohe\u0148 v\u00a0\u017eeb\u0159\u00edku, tr\u00e9novala n\u00e1dech\u2026.. a kdo v\u00ed co je\u0161t\u011b. P\u0159eci jen mi je u\u017e n\u011bjak\u00fdch p\u00e1rset let a pam\u011b\u0165 u\u017e tak neslou\u017e\u00ed. Ale nelze zapomenout okam\u017eik, kdy d\u011bti do sv\u00fdch hr\u00e1tek zapojily tat\u00ednky, strej\u010dky, d\u011bde\u010dky a dokonce i babi\u010dku a teti\u010dku. J\u00edzda s\u00a0kole\u010dkem byla teprve tou po\u0159\u00e1dnou \u010darod\u011bjnickou v\u0159avou. Za ka\u017ed\u00fd \u00fakol si d\u011bti vyslou\u017eily n\u011bjakou malou odm\u011bnu a tak s\u00a0nadch\u00e1zej\u00edc\u00edm ve\u010derem odch\u00e1zely sp\u00e1t unaven\u00e9, za\u0161pin\u011bn\u00e9, doufejme \u017ee i spokojen\u00e9 a taky malinko p\u0159eslazen\u00e9. A tro\u0161i\u010dku douf\u00e1m, \u017ee se jim o n\u00e1s zd\u00e1ly kr\u00e1sn\u00e9 sny a \u017ee se t\u011b\u0161\u00ed na p\u0159\u00ed\u0161t\u00ed rok, kdy n\u00e1s ur\u010dit\u011b p\u0159ilet\u00ed v\u00edc. No a te\u010f m\u016f\u017eou za\u010d\u00edt ony kejkle \ud83d\ude09<\/p>\n<p>&nbsp;<\/p>\n<p>&nbsp;<\/p>\n<p><em>Bar\u010da<\/em><\/p>\n<p><em>\u00a0<\/em><\/p>\n<p>&nbsp;<\/p>\n<p>&nbsp;<\/p>\n<p>&nbsp;<\/p>\n","protected":false},"excerpt":{"rendered":"<p>\u00a0\u00a0\u00a0 Mil\u00e9 \u010darod\u011bjky,\u00a0 op\u011bt p\u0159ich\u00e1z\u00ed \u010das na\u0161ich rej\u016f a dov\u00e1d\u011bn\u00ed. Op\u011bt je t\u0159eba odlo\u017eit na\u0161e nep\u011bkn\u00e9 lidsk\u00e9 podoby, nastartovat ko\u0161\u0165ata,opr\u00e1\u0161it n\u00e1dhern\u00e9 r\u00f3by a s\u00a0n\u00e1padit\u00fdmi friz\u00farami na na\u0161ich \u00fa\u017easn\u00fdch \u010darod\u011bjnick\u00fdch kebul\u00edch vylet\u011bt nad haberskou n\u00e1ves. Sejdeme se ve \u010dtvrtek, posledn\u00ed den apr\u00edlov\u00fd v\u00a0p\u016fl sedm\u00e9 u habersk\u00e9 \u010dek\u00e1rny. Pot\u00e9 na habersk\u00e9 n\u00e1vsi pobav\u00edme sebe, na\u0161e sousedy a [&hellip;]<\/p>\n","protected":false},"author":2,"featured_media":0,"parent":402,"menu_order":27,"comment_status":"open","ping_status":"closed","template":"","meta":{"ngg_post_thumbnail":0},"aioseo_notices":[],"_links":{"self":[{"href":"https:\/\/www.motorkarizhabri.cz\/index.php?rest_route=\/wp\/v2\/pages\/7885"}],"collection":[{"href":"https:\/\/www.motorkarizhabri.cz\/index.php?rest_route=\/wp\/v2\/pages"}],"about":[{"href":"https:\/\/www.motorkarizhabri.cz\/index.php?rest_route=\/wp\/v2\/types\/page"}],"author":[{"embeddable":true,"href":"https:\/\/www.motorkarizhabri.cz\/index.php?rest_route=\/wp\/v2\/users\/2"}],"replies":[{"embeddable":true,"href":"https:\/\/www.motorkarizhabri.cz\/index.php?rest_route=%2Fwp%2Fv2%2Fcomments&post=7885"}],"version-history":[{"count":1,"href":"https:\/\/www.motorkarizhabri.cz\/index.php?rest_route=\/wp\/v2\/pages\/7885\/revisions"}],"predecessor-version":[{"id":7887,"href":"https:\/\/www.motorkarizhabri.cz\/index.php?rest_route=\/wp\/v2\/pages\/7885\/revisions\/7887"}],"up":[{"embeddable":true,"href":"https:\/\/www.motorkarizhabri.cz\/index.php?rest_route=\/wp\/v2\/pages\/402"}],"wp:attachment":[{"href":"https:\/\/www.motorkarizhabri.cz\/index.php?rest_route=%2Fwp%2Fv2%2Fmedia&parent=7885"}],"curies":[{"name":"wp","href":"https:\/\/api.w.org\/{rel}","templated":true}]}}