{"id":785,"date":"2009-05-23T18:19:42","date_gmt":"2009-05-23T17:19:42","guid":{"rendered":"http:\/\/www.motorkarizhabri.cz\/?page_id=785"},"modified":"2015-03-24T14:12:45","modified_gmt":"2015-03-24T13:12:45","slug":"diskoteka-23-5-2009","status":"publish","type":"page","link":"https:\/\/www.motorkarizhabri.cz\/?page_id=785","title":{"rendered":"Diskot\u00e9ka pro star\u0161\u00ed 23. 5. 2009"},"content":{"rendered":"<p><strong>Diskot\u00e9ka pro star\u0161\u00ed a pokro\u010dil\u00e9 60.-80. l\u00e9ta<\/strong> V \u010dervenci jedou na\u0161i kluci se sv\u00fdm turistick\u00fdm odd\u00edlem na t\u00e1bor. Proto jsem, jako spr\u00e1vn\u00fd zodpov\u011bdn\u00fd rodi\u010d, r\u00e1no s klou\u010dkama vyrazila na brig\u00e1du na t\u00e1borovou z\u00e1kladnu u L\u00ed\u010dova. Vcelku n\u00e1ro\u010dn\u00fd pracovn\u00ed den, s rozmanitou pracovn\u00ed n\u00e1pln\u00ed od nat\u00edr\u00e1n\u00ed a\u017e po opravu schod\u016f, \u010di myt\u00ed sk\u0159\u00edn\u011bk mi dal docela zabrat, hlavn\u011b vzhledem ke dv\u011bma p\u0159ede\u0161l\u00fdm proh\u00fd\u0159en\u00fdm noc\u00edm. Nave\u010der jsme si opekli bu\u0159t\u00edky a chystali se k odjezdu. Ji\u0159\u00edk se rozhodl, \u017ee tady p\u0159esp\u00ed a tak jsme s Kubou odjeli bez n\u011bj. Kdy\u017e jsme p\u0159ijeli dom\u016f, cca v p\u016fl des\u00e1t\u00fd, st\u00e1lo p\u0159ed bar\u00e1kem ficcus\u016f bublinkat\u00fd auto. No par\u00e1da! Holky budou ur\u010dit\u011b sp\u00e1t naho\u0159e u d\u011bdy a my bychom tam mohli p\u0159idat Kubu, aby nemusel b\u00fdt doma s\u00e1m. Tajn\u011b jsem toti\u017e doufala, \u017ee bychom se je\u0161t\u011b mohli j\u00edt alespo\u0148 na chvilku pod\u00edvat k Maru\u0161ce. Po\u0159\u00e1daj\u00ed dnes v s\u00e1le diskot\u00e9ku pro star\u0161\u00ed a pokro\u010dil\u00e9 a ur\u010dit\u011b tam nikdo nebude chyb\u011bt. Ficcusovic holky naho\u0159e u d\u011bdy je\u0161t\u011b dupaly a tak jsem k nim vzala i Kubu. D\u011bti byli nad\u0161en\u00fd. Honza dole pracoval u po\u010d\u00edta\u010de ji\u017e v \u017eupanu a nevrle odv\u011btil, \u017ee je unaven, a \u017ee u\u017e se mu nikam nechce. Ok, RO-ZU-MIM! Po cel\u00fdm dni str\u00e1ven\u00fdm na stavb\u011b gar\u00e1\u017ee jsem se mu ani nedivila.\u00a0 Nenutila jsem ho a \u0161la si napustit vanu a postavit vodu na kafe. Neub\u011bhly ani t\u0159i minuty, st\u00e1la jsem zrovna v ob\u00fdv\u00e1ku, a usly\u0161ela jsem jak bouchly vchodov\u00fd dve\u0159e. Hned na to se otev\u0159ely dve\u0159e k n\u00e1m do bytu. \u0160la jsem na chodbu a ve tm\u011b uvid\u011bla siluety, kter\u00fd za\u010daly zp\u00edvat melodii z R\u016f\u017eov\u00e9ho pantera\u2026TU, TU DU, TU DU TU DU TU DU, TU DU TU D\u00da\u00da\u00da, TU DU DU DU D\u00da\u00da\u00da\u00da\u2026tak si na n\u011b posv\u00edt\u00edme. Cvak a kdopak to p\u0159i\u0161el \u2013 nooo jooo sudi\u010dky! Martina, Ivana, Bar\u010da a Ka\u010dka! Kl\u00ed\u010de jim p\u016fj\u010dil ficcus. V\u0159\u00edtily se do ob\u00fdv\u00e1ku, a abychom \u0161li na diskot\u00e9ku. \u0158\u00edk\u00e1m, \u017ee jsem cht\u011bla j\u00edt, ale \u017ee je Honza unavenej, tak si va\u0159\u00edm k\u00e1vu a napou\u0161t\u00edm si vanu. Vodu bleskurychle zastavily. Hned nato se s \u00fadivem zeptaly, co prej jako vlastn\u011b d\u011bl\u00e1m doma, \u017ee tu m\u011bl b\u00fdt Honza s\u00e1m\u2026pr\u00fd s nim cht\u011bly j\u00edt do sprchy, hlavn\u011b vzhledem k tomu, \u017ee je u\u017e nah\u00fd v \u017eup\u00e1nku. Pak na m\u011b Bar\u010da kul\u00ed o\u010di &#8211; to, \u017ee snad nemysl\u00edm v\u00e1\u017en\u011b \u2013 na lince n\u00e1m le\u017e\u00ed t\u0159i bedny p\u016fllitr\u016f od Pepsi coly. Sna\u017eila jsem se to zamaskovat hadrem, ale marn\u011b. Ka\u010denka, co by deelerka Coca-coly, si toho v\u0161imla a byla fakt rozmrzel\u00e1. Dokonce pak b\u011bhem ve\u010dera dlouho hu\u010dela do Honzy, \u017ee mu p\u0159iveze p\u016fllitry Coca-coly, ale tyhle mus\u00ed rozb\u00edt \u010di vr\u00e1tit. \u017densk\u00fd ukecaly Honzu a tak jsme se b\u011bhem 10-ti minut oblekli\u2026bohu\u017eel jsem nestihla ani sprchu\u2026tak\u017ee pot po celodenn\u00ed pr\u00e1ci jsem se sna\u017eila\u00a0zamaskovat vo\u0148avkou, snad \u00fasp\u011b\u0161n\u011b. Bohu\u017eel po nat\u00edr\u00e1n\u00ed mi na ruk\u00e1ch z\u016fst\u00e1v\u00e1 sem tam zelen\u00fd flek. Fakt \u201eko\u010dka\u201c, ale hlavn\u011b, \u017ee jsem si stihla vym\u011bnit ty sportovn\u00ed botky za lo\u010fky, to vypadalo fakt blb\u011b \u2013 ale \u017eensk\u00fd frf\u0148aly, \u017ee zdr\u017euju. Za chv\u00edli u\u017e mi bylo jasn\u00fd pro\u010d. Pepa jim sl\u00edbil pa\u0148\u00e1ka, kdy\u017e se jim poda\u0159\u00ed p\u0159iv\u00e9st siskina a ony ulovily i m\u011b. Koukla jsem se okny do t\u011blocvi\u010dny. Dva tan\u010d\u00edc\u00ed krou\u017eky \u2013 sportovci a Haber\u00e1ci &#8211; se za pln\u00e9ho osv\u011btlen\u00ed v polopr\u00e1zdn\u00e9 t\u011blocvi\u010dn\u011b sna\u017eili h\u00fdbat do rytmu hudby. Mezi dve\u0159mi jsme pak potkali Davida \u010cerm\u00e1k\u016f, oble\u010den\u00e9ho jako veksl\u00e1ka \u2013 ko\u017een\u00e1 bunda, havajsk\u00e1 ko\u0161ile, mokas\u00edny, \u010dern\u00fd br\u00fdle, ul\u00edzl\u00fd napom\u00e1dovan\u00fd vlasy\u2026 odklopil ko\u017eenou bundu, a pod n\u00ed se zabl\u00fdskly hodinky: \u201eChce\u0161 zlat\u00fd hodinky? Nebo Bony, vole, chce\u0161 Bony?\u201c Na uv\u00edtanou jsem taky vyfasovala pa\u0148\u00e1ka a netrvalo dlouho, a zapojila jsem se mezi tan\u010d\u00edc\u00ed. Sportovci byli na akci p\u0159ipraveni, skoro v\u0161ichni m\u011bli kost\u00fdmy. To bylo hezk\u00e9. Zapa\u0159ili jsme \u0159\u00e1dn\u011b, \u201ed\u00fdd\u017eejov\u00e9\u201c n\u00e1s ne\u0161et\u0159ili a zahlcovali n\u00e1s hity z let 60 a\u017e 80-t\u00fdch. N\u011bkdy v roce 84 rodila Ivana a tak se s Ad\u00e9lkou nap\u00e1jeli u b\u00e1ru. Kolem p\u016flnoci tradi\u010dn\u00edm zp\u016fsobem \u2013 jako p\u00e1ra nad hrncem &#8211; zmizel Honza. V p\u016fl t\u0159et\u00ed r\u00e1no u\u017e hr\u00e1li opravdu posledn\u00ed hit, a proto\u017ee m\u011bl zase n\u011bkdo skv\u011bl\u00fd n\u00e1pad, \u017ee bychom mohli je\u0161t\u011b n\u011bkoho nav\u0161t\u00edvit, vyj\u00edst a vyp\u00edt, zam\u00ed\u0159ili jsme, v sestav\u011b \u2013 j\u00e1, Bar\u010da, ficcusov\u00e9 a Jen\u00edk, rovnou dom\u016f k Danovi. Holky m\u011bl v Chlumu a tak jsme sv\u00fdm \u0159van\u00edm nikoho nebudili. Nab\u00eddl n\u00e1m pa\u0148\u00e1ky, sal\u00e1m a tousty. Za chvilku jsem zahl\u00eddla za oknem Mufa. Sna\u017eil se n\u00e1s fotit Bar\u010din\u00fdm fo\u0165\u00e1kem, kter\u00fd si nechala v t\u011blocvi\u010dn\u011b. Dan pro Mufa do\u0161el ven. Spolu s n\u00edm p\u0159i\u0161el je\u0161t\u011b Zden\u011bk Ko\u010der\u016f z Kv\u00edtkovic. Asi v p\u016fl \u010dtvrt\u00fd jsme se sbalili k odchodu. Celodenn\u00ed \u00fanava se projevila a za\u010dali mi klapat v\u00edka. Sebrala jsem se tedy a bez toho, ani\u017e bych \u010dekala a\u017e se ostatn\u00ed vyhrabou od Dana, jsem vyrazila k domovu. Doufala jsem, \u017ee mi Honza nechal otev\u0159eno, proto\u017ee jedin\u00fd kl\u00ed\u010de m\u011bl on. Jak se hned uk\u00e1zalo, doufala jsem marn\u011b. Na zvonku jsem ud\u011blala stojku, m\u00e1lem jsem ho sv\u00fdm zvon\u011bn\u00edm zava\u0159ila, ale s Honzou to ani nehlo. Je\u0161t\u011b, \u017ee jsme dali Kub\u00ed\u010dka nahoru k babi\u010dce. Zkou\u0161\u00edm h\u00e1zet \u0161utry na okno lo\u017enice, ale marn\u011b. Ned\u00e1 se nic d\u011blat. Rozhodla jsem se pro n\u00e1vrat zp\u011bt do vsi, ficcusovi m\u011b snad zachr\u00e1n\u00ed a dle jekotu ze vsi se tu n\u011bkde ta sebranka je\u0161t\u011b potuluje. No jo tradi\u010dn\u011b u Pufr\u016f. Ficcus st\u00e1l u d\u00edlny a pozoroval ostatn\u00ed, kte\u0159\u00ed byli naz\u00ed v baz\u00e9nu (teda a\u017e na Bar\u010du ;o)). P\u0159id\u00e1v\u00e1m se k n\u011bmu. Hned jak m\u011b zahl\u00eddli, \u0159vali a\u0165 jdu taky do baz\u00e9nu. V\u016fbec se mi necht\u011blo, \u0161la bych sp\u00e1t a je\u0161t\u011b k tomu se do m\u011b pustila \u0161\u00edlen\u00e1 zima. Vysv\u011btlila jsem jim pro\u010d jsem zase tady, tak se mi vysm\u00e1li. Ani se jim nediv\u00edm. Kochali jsme se s ficcusem pohledem na tu sme\u010dku v baz\u00e9nu a vid\u011bli, jak se na n\u00e1s za\u010dali \u201enen\u00e1padn\u011b\u201c domlouvat. Dan se vykradl z baz\u00e9nu a schoval se za sprchu. \u010culi jsme nebezpe\u010d\u00ed. Pro jistotu jsem odlo\u017eila svetr a tryskem jsme se sna\u017eili prob\u011bhnout skrz d\u00edlnu pry\u010d ze zahrady. Bohu\u017eel v lo\u010fk\u00e1ch se neb\u011b\u017e\u00ed nic moc a tak m\u011b dostihl Dan, kter\u00fd n\u00e1m nadb\u011bhl kolem d\u00edlny. Prala jsem se s n\u00edm marn\u011b, proto\u017ee mu p\u0159ib\u011bhl na pomoc Jen\u00edk se Zde\u0148kem. U baz\u00e9nu se k nim z\u00e1ke\u0159n\u011b p\u0159idal Pepa, kter\u00e9ho jsme sv\u00fdm \u0159van\u00edm vzbudili. Je\u0161t\u011b, \u017ee jsem si stihla cestou sundat hodinky. P\u011bkn\u011b to \u0161plouchlo, voda vcelku tepl\u00e1. Sundala jsem ze sebe mokr\u00fd rifle a triko a sna\u017eila se p\u0159esv\u011bd\u010dit Pepu, aby mi p\u0159inesl \u017eup\u00e1nek, abych m\u011bla n\u011bco such\u00e9ho, v \u010dem bych pak mohla j\u00edt dom\u016f. D\u011blali jsme kraviny. Zden\u011bk po\u0159\u00e1d opakoval, \u017ee se takhle nahej je\u0161t\u011b nikdy nekoupal, a \u017ee to nesm\u00edme \u0159\u00edct man\u017eelce, a \u017ee s Danem \u2013 uv\u011bdom\u011bl\u00fdm ta\u0165kou \u2013 chod\u00ed d\u011btem na rodi\u010dovsk\u00e9 sdru\u017een\u00ed. Mezit\u00edm se kluk\u016fm poda\u0159ilo odchytit Pepu, kter\u00fd sl\u00edbil, \u017ee vleze do vody dobrovoln\u011b. Tak si odlo\u017eil a za chvilku tam byl. Pak Dana napadlo, \u017ee bychom mohli d\u011blat stojky. A aby \u0161el p\u0159\u00edkladem, hned se do toho pustil. Stojka dobr\u00e1, jen n\u00e1s pobavil ten pohled, kter\u00fd se n\u00e1m naskytl. T\u00edm nechci ur\u00e1\u017eet jeho mu\u017estv\u00ed, ale prost\u011b jak je v baz\u00e9nu m\u00e1lo vody, tak Dan p\u0159i sv\u00e9 v\u00fd\u0161ce p\u0159i stojce kouk\u00e1 z vody od pasu dolu, tak\u017ee se n\u00e1m hezky p\u0159edvedl. ;o) Dal\u0161\u00ed stojku cht\u011bl p\u0159edv\u00e9st Zden\u011bk. Bohu\u017eel se mu to moc neda\u0159ilo a tak jsme se p\u0159i jeho pl\u00e1c\u00e1n\u00ed nohama do vody v\u0161ichni m\u00e1lem utopili sm\u00edchy. Nakonec se mu to taky povedlo. Byl ale mazan\u011bj\u0161\u00ed a vystr\u010dil na n\u00e1s zadek. Pak se pokou\u0161el i Jen\u00edk, ale jeho v\u00fdkon Zden\u011bk nakonec zhodnotil slovy: \u201eTy chlapy maj\u00b4 tak hnusnej zadek.\u201c Vr\u00e1til se ficcus, kter\u00fd mi odemknul d\u016fm a p\u0159ejel s autem na ves. Nerv\u00f3zn\u011b p\u0159edup\u00e1val, u\u017e by r\u00e1d jel do pelechu, ale ficcusce se jako na potvoru necht\u011blo z baz\u00e9nu. K jeho sm\u016fle op\u011bt vyrazilo loveck\u00e9 komando v \u010dele s Danem. Prchal jak mohl, bohu\u017eel v zat\u00e1\u010dce u velk\u00e9 sochy vp\u0159edu na zahrad\u011b mu podjely nohy, co\u017e se mu stalo osudn\u00fdm a po chvilce taky skon\u010dil v baz\u00e9nu. Tak a jsme tam v\u0161ichni. U\u017e n\u00e1m v\u0161em byla p\u011bkn\u00e1 kosa. Rychle jsem vylezla z baz\u00e9nu p\u0159i pohledu na Pepu, kter\u00fd u\u017e p\u0159in\u00e1\u0161el \u017eup\u00e1nek se slovy: \u201eTo je m\u016fj nejobl\u00edben\u011bj\u0161\u00ed, hodob\u00f3\u017eov\u00fd.\u201c Cht\u011bla jsem si ho obl\u00e9ct a na cedulce za krkem je\u0161t\u011b byla visa\u010dka s cenou. \u201ePep\u00f3, tv\u016fj nejobl\u00edben\u011bj\u0161\u00ed? V\u017edy\u0165 je nov\u00fd!\u201c Pepa vzteky urval cedulku. Nakonec zji\u0161\u0165uji, \u017ee je na z\u00e1dech velk\u00fd n\u00e1pis: \u201eBAR\u010cA 44.\u201c V\u0161ichni se vyhrabali z baz\u00e9nu, Dan s Lenkou uko\u0159istili zbyl\u00e9 dva \u017eupany. Pepa pomalu zav\u00edr\u00e1 baz\u00e9n. Dan toho h\u00e1zen\u00ed do baz\u00e9nu je\u0161t\u011b nem\u00e1 dost a tak za chv\u00edli kon\u010d\u00edm op\u011bt ve vod\u011b i s \u017eup\u00e1nkem. Pepa dozav\u0159el poklop a j\u00e1 jsem na protest za\u010dala p\u00edskat na prsty. Dobr\u00e1 ozv\u011bna pod poklopem. Do\u017eadovala jsem se pa\u0148\u00e1ka. Pepa rychle b\u011b\u017eel pro slivovici. Pustili m\u011b ven a tak jsem si vzala kopi\u010dku sv\u00fdch mokr\u00fdch v\u011bc\u00ed a v mokr\u00e9m \u017eupanu vyrazila k domovu. R\u00e1no Pepa hl\u00e1sil n\u011bco o tom, \u017ee bude dra\u017eit spodn\u00ed pr\u00e1dlo, kter\u00e9 jim na zahrad\u011b zbylo. \u00dadajn\u011b Zde\u0148kovo trencle. Zaj\u00edmalo by m\u011b jak doma vysv\u011btloval, \u017ee p\u0159i\u0161el bez nich. Tak zas p\u0159\u00ed\u0161t\u011b, pa\u0159i\u010di! ;o) Hanka<\/p>\n<p>&nbsp;<\/p>[Not a valid template]","protected":false},"excerpt":{"rendered":"<p>Diskot\u00e9ka pro star\u0161\u00ed a pokro\u010dil\u00e9 60.-80. l\u00e9ta V \u010dervenci jedou na\u0161i kluci se sv\u00fdm turistick\u00fdm odd\u00edlem na t\u00e1bor. Proto jsem, jako spr\u00e1vn\u00fd zodpov\u011bdn\u00fd rodi\u010d, r\u00e1no s klou\u010dkama vyrazila na brig\u00e1du na t\u00e1borovou z\u00e1kladnu u L\u00ed\u010dova. Vcelku n\u00e1ro\u010dn\u00fd pracovn\u00ed den, s rozmanitou pracovn\u00ed n\u00e1pln\u00ed od nat\u00edr\u00e1n\u00ed a\u017e po opravu schod\u016f, \u010di myt\u00ed sk\u0159\u00edn\u011bk mi dal docela [&hellip;]<\/p>\n","protected":false},"author":3,"featured_media":0,"parent":402,"menu_order":9,"comment_status":"open","ping_status":"closed","template":"","meta":{"ngg_post_thumbnail":0},"aioseo_notices":[],"_links":{"self":[{"href":"https:\/\/www.motorkarizhabri.cz\/index.php?rest_route=\/wp\/v2\/pages\/785"}],"collection":[{"href":"https:\/\/www.motorkarizhabri.cz\/index.php?rest_route=\/wp\/v2\/pages"}],"about":[{"href":"https:\/\/www.motorkarizhabri.cz\/index.php?rest_route=\/wp\/v2\/types\/page"}],"author":[{"embeddable":true,"href":"https:\/\/www.motorkarizhabri.cz\/index.php?rest_route=\/wp\/v2\/users\/3"}],"replies":[{"embeddable":true,"href":"https:\/\/www.motorkarizhabri.cz\/index.php?rest_route=%2Fwp%2Fv2%2Fcomments&post=785"}],"version-history":[{"count":10,"href":"https:\/\/www.motorkarizhabri.cz\/index.php?rest_route=\/wp\/v2\/pages\/785\/revisions"}],"predecessor-version":[{"id":2512,"href":"https:\/\/www.motorkarizhabri.cz\/index.php?rest_route=\/wp\/v2\/pages\/785\/revisions\/2512"}],"up":[{"embeddable":true,"href":"https:\/\/www.motorkarizhabri.cz\/index.php?rest_route=\/wp\/v2\/pages\/402"}],"wp:attachment":[{"href":"https:\/\/www.motorkarizhabri.cz\/index.php?rest_route=%2Fwp%2Fv2%2Fmedia&parent=785"}],"curies":[{"name":"wp","href":"https:\/\/api.w.org\/{rel}","templated":true}]}}