{"id":756,"date":"2009-05-01T14:27:06","date_gmt":"2009-05-01T13:27:06","guid":{"rendered":"http:\/\/www.motorkarizhabri.cz\/?page_id=756"},"modified":"2015-03-22T14:46:43","modified_gmt":"2015-03-22T13:46:43","slug":"carodejnice-3042009","status":"publish","type":"page","link":"https:\/\/www.motorkarizhabri.cz\/?page_id=756","title":{"rendered":"\u010carod\u011bjnice 30.4.2009"},"content":{"rendered":"<p> Co dodat?<br \/>\nProst\u011b jsme o rok star\u0161\u00ed, co\u017e u n\u00e1s \u010darod\u011bjnic nen\u00ed a\u017e takov\u00fd probl\u00e9m, p\u00e1r stolet\u00ed sem, p\u00e1r stolet\u00ed tam, a zase jsme vnesly do Hab\u0159\u00ed trochu vzruchu. Srocen\u00ed u \u010dek\u00e1rny m\u011blo opravdu \u010darod\u011bjnickou atmosf\u00e9ru. Sv. Petr uk\u00e1zal, \u017ee nem\u00e1 pro nadp\u0159irozen\u00e9 bytosti pra\u017e\u00e1dn\u00e9 pochopen\u00ed, p\u0159ehodil nad na\u0161e na\u010dan\u010dan\u00e9 hlavy \u010dernou deku z mrak\u016f a mrskal po n\u00e1s hromy, blesky a proudy vody. \u010c\u00edm\u017e n\u00e1s samoz\u0159ejm\u011b v\u016fbec neru\u0161il. Trocha t\u011bch d\u011bsiv\u00fdch efekt\u016f \u010darod\u011bjnick\u00e9mu vletu do vsi neu\u0161kod\u00ed.<br \/>\n Na n\u00e1vsi se kr\u010dili pod plachtou zm\u011bk\u010dil\u00ed chlapi a d\u011bti. Chlapy jsme nechaly u nara\u017een\u00e9ho sudu a d\u011bti jsme vyhnaly ven na d\u00e9\u0161\u0165. Ale jen na chvilku, jen ne\u017e p\u0159eb\u011bhly pod st\u0159echu hospody. A tam, ve st\u00edsn\u011bn\u00e9m a uzav\u0159en\u00e9m prostoru vypuklo d\u011btsk\u00e9 z\u00e1polen\u00ed o p\u00e1r drobnost\u00ed a sladkost\u00ed.<br \/>\n Malovaly se zav\u00e1zan\u00fdma o\u010dima \u010darod\u011bjnici, polykaly odporn\u00e9 my\u0161i, hady a \u010dervy nav\u00e1zan\u00e9 na prov\u00e1zku, p\u0159endavaly si mince p\u0159es h\u0159bety rukou. A pon\u011bvad\u017e \u010darod\u011bjnick\u00fd pot\u011br se nesm\u00ed ni\u010deho \u0161t\u00edtit, musely hmatem zjistit, co d\u011bsiv\u00e9ho se ukr\u00fdv\u00e1 v pytl\u00edch s odpadky. A p\u0159i t\u00e9hle h\u0159e m\u011b naprosto odbourala mal\u00e1 Vilma, kter\u00e1 u pytle s pavoukem rozz\u00e1\u0159en\u011b prohl\u00e1sila, \u017ee je tam k\u016f\u0148.<br \/>\n Pak si je\u0161t\u011b \u0161tafetov\u011b p\u0159ed\u00e1valy pusou kel\u00edmky s vodou a to by tak mohlo b\u00fdt v\u0161e. I p\u0159es dost nevhodn\u00e9 prostory pro d\u011btsk\u00e9 hr\u00e1tky, se d\u011bti zd\u00e1ly spokojen\u00e9.<br \/>\n Po\u010das\u00ed se postaralo o p\u0159ed\u010dasn\u00e9 ukon\u010den\u00ed ve\u010dera a zachr\u00e1nilo chlapy p\u0159ed jejich sout\u011b\u017e\u00ed. Tak si je vychutn\u00e1me snad za rok. A ten ute\u010de jako voda, a sejdeme se pode vs\u00ed, a vlet\u00edme na n\u00e1ves, a &#8230;&#8230;&#8230;<\/p>[Not a valid template]","protected":false},"excerpt":{"rendered":"<p>Co dodat? Prost\u011b jsme o rok star\u0161\u00ed, co\u017e u n\u00e1s \u010darod\u011bjnic nen\u00ed a\u017e takov\u00fd probl\u00e9m, p\u00e1r stolet\u00ed sem, p\u00e1r stolet\u00ed tam, a zase jsme vnesly do Hab\u0159\u00ed trochu vzruchu. Srocen\u00ed u \u010dek\u00e1rny m\u011blo opravdu \u010darod\u011bjnickou atmosf\u00e9ru. Sv. Petr uk\u00e1zal, \u017ee nem\u00e1 pro nadp\u0159irozen\u00e9 bytosti pra\u017e\u00e1dn\u00e9 pochopen\u00ed, p\u0159ehodil nad na\u0161e na\u010dan\u010dan\u00e9 hlavy \u010dernou deku z mrak\u016f [&hellip;]<\/p>\n","protected":false},"author":2,"featured_media":0,"parent":402,"menu_order":8,"comment_status":"open","ping_status":"closed","template":"","meta":{"ngg_post_thumbnail":0},"aioseo_notices":[],"_links":{"self":[{"href":"https:\/\/www.motorkarizhabri.cz\/index.php?rest_route=\/wp\/v2\/pages\/756"}],"collection":[{"href":"https:\/\/www.motorkarizhabri.cz\/index.php?rest_route=\/wp\/v2\/pages"}],"about":[{"href":"https:\/\/www.motorkarizhabri.cz\/index.php?rest_route=\/wp\/v2\/types\/page"}],"author":[{"embeddable":true,"href":"https:\/\/www.motorkarizhabri.cz\/index.php?rest_route=\/wp\/v2\/users\/2"}],"replies":[{"embeddable":true,"href":"https:\/\/www.motorkarizhabri.cz\/index.php?rest_route=%2Fwp%2Fv2%2Fcomments&post=756"}],"version-history":[{"count":6,"href":"https:\/\/www.motorkarizhabri.cz\/index.php?rest_route=\/wp\/v2\/pages\/756\/revisions"}],"predecessor-version":[{"id":986,"href":"https:\/\/www.motorkarizhabri.cz\/index.php?rest_route=\/wp\/v2\/pages\/756\/revisions\/986"}],"up":[{"embeddable":true,"href":"https:\/\/www.motorkarizhabri.cz\/index.php?rest_route=\/wp\/v2\/pages\/402"}],"wp:attachment":[{"href":"https:\/\/www.motorkarizhabri.cz\/index.php?rest_route=%2Fwp%2Fv2%2Fmedia&parent=756"}],"curies":[{"name":"wp","href":"https:\/\/api.w.org\/{rel}","templated":true}]}}