{"id":753,"date":"2009-04-29T14:23:11","date_gmt":"2009-04-29T13:23:11","guid":{"rendered":"http:\/\/www.motorkarizhabri.cz\/?page_id=753"},"modified":"2015-03-22T14:52:59","modified_gmt":"2015-03-22T13:52:59","slug":"sudicky-2842009","status":"publish","type":"page","link":"https:\/\/www.motorkarizhabri.cz\/?page_id=753","title":{"rendered":"Sudi\u010dky 28.4.2009"},"content":{"rendered":"<p> V\u00edte jak to na vsi chod\u00ed, kdy\u017e se narod\u00ed nov\u00fd \u010dlov\u00ed\u010dek? Kdy\u017e otev\u0159e o\u010di nov\u00fd soused, kter\u00fd zv\u00fd\u0161\u00ed po\u010det obyvatel z 89ti na 90 ? Kdy\u017e se ozve pl\u00e1\u010d a v\u0161ichni soused\u00e9 v\u00ed odkud se to nese a kter\u00e1 nov\u00e1, mal\u00e1 os\u016fbka se do\u017eaduje sv\u00e9ho p\u0159\u00edd\u011blu j\u00eddla?<br \/>\n To m\u00e1te tak: sejdou se tetky, sousedky, babky, kamar\u00e1dky, no prost\u011b v\u0161echny m\u00edstn\u00ed osoby \u017eensk\u00e9ho pohlav\u00ed, z\u00edraj\u00ed do post\u00fdlky a vzdychaj\u00ed, kterak je to kr\u00e1sn\u00e9, kterak je to mali\u010dk\u00e9, kterak je to roztomilou\u010dk\u00e9.<br \/>\n Nejinak je tomu v Hab\u0159\u00ed.<br \/>\n A tak jsme se po narozen\u00ed mal\u00e9 Emmi\u010dky Bedn\u00e1\u0159\u016f se\u0161ly u \u0161\u0165astn\u00fdch rodi\u010d\u016f. A aby to nebylo jen o tom vzdych\u00e1n\u00ed a rozj\u00edm\u00e1n\u00ed, aby to m\u011blo trochu zaj\u00edmav\u011bj\u0161\u00ed a tak n\u011bjak poh\u00e1dkov\u011bj\u0161\u00ed n\u00e1dech, zjevily jsme se v sudi\u010dkovsk\u00fdch kost\u00fdmech, ka\u017ed\u00e1 s d\u00e1rkem a proslovem na t\u00e9ma: ,,tak d\u011bv\u010de, tohle Ti p\u0159edpov\u00edd\u00e1m a tohle Ti p\u0159eji\u201c.<br \/>\n No a te\u010f, po na\u0161\u00ed n\u00e1v\u0161t\u011bv\u011b \u010dek\u00e1 Emmi\u010dku \u017eivot \u0161\u0165astn\u00fd, spokojen\u00fd, pln\u00fd zdrav\u00ed, l\u00e1sky, kr\u00e1sy, radosti, dobr\u00e9 n\u00e1lady, p\u0159\u00e1tel a kamar\u00e1d\u016f.<br \/>\n A pak jsme zba\u0161tily v\u0161e, co n\u00e1m \u0161ikovn\u00e1 maminka nava\u0159ila a mohly jsme j\u00edt dom\u016f, \u010dekat na dal\u0161\u00ed p\u0159\u00edle\u017eitost. Tak co, soused\u00e9, kam jdeme p\u0159\u00ed\u0161t\u011b??<br \/>[Not a valid template]\n","protected":false},"excerpt":{"rendered":"<p>V\u00edte jak to na vsi chod\u00ed, kdy\u017e se narod\u00ed nov\u00fd \u010dlov\u00ed\u010dek? Kdy\u017e otev\u0159e o\u010di nov\u00fd soused, kter\u00fd zv\u00fd\u0161\u00ed po\u010det obyvatel z 89ti na 90 ? Kdy\u017e se ozve pl\u00e1\u010d a v\u0161ichni soused\u00e9 v\u00ed odkud se to nese a kter\u00e1 nov\u00e1, mal\u00e1 os\u016fbka se do\u017eaduje sv\u00e9ho p\u0159\u00edd\u011blu j\u00eddla? To m\u00e1te tak: sejdou se tetky, sousedky, babky, [&hellip;]<\/p>\n","protected":false},"author":2,"featured_media":0,"parent":402,"menu_order":7,"comment_status":"open","ping_status":"closed","template":"","meta":{"ngg_post_thumbnail":0},"aioseo_notices":[],"_links":{"self":[{"href":"https:\/\/www.motorkarizhabri.cz\/index.php?rest_route=\/wp\/v2\/pages\/753"}],"collection":[{"href":"https:\/\/www.motorkarizhabri.cz\/index.php?rest_route=\/wp\/v2\/pages"}],"about":[{"href":"https:\/\/www.motorkarizhabri.cz\/index.php?rest_route=\/wp\/v2\/types\/page"}],"author":[{"embeddable":true,"href":"https:\/\/www.motorkarizhabri.cz\/index.php?rest_route=\/wp\/v2\/users\/2"}],"replies":[{"embeddable":true,"href":"https:\/\/www.motorkarizhabri.cz\/index.php?rest_route=%2Fwp%2Fv2%2Fcomments&post=753"}],"version-history":[{"count":5,"href":"https:\/\/www.motorkarizhabri.cz\/index.php?rest_route=\/wp\/v2\/pages\/753\/revisions"}],"predecessor-version":[{"id":987,"href":"https:\/\/www.motorkarizhabri.cz\/index.php?rest_route=\/wp\/v2\/pages\/753\/revisions\/987"}],"up":[{"embeddable":true,"href":"https:\/\/www.motorkarizhabri.cz\/index.php?rest_route=\/wp\/v2\/pages\/402"}],"wp:attachment":[{"href":"https:\/\/www.motorkarizhabri.cz\/index.php?rest_route=%2Fwp%2Fv2%2Fmedia&parent=753"}],"curies":[{"name":"wp","href":"https:\/\/api.w.org\/{rel}","templated":true}]}}