{"id":645,"date":"2009-03-07T18:20:41","date_gmt":"2009-03-07T17:20:41","guid":{"rendered":"http:\/\/www.motorkarizhabri.cz\/?page_id=645"},"modified":"2015-03-22T14:53:19","modified_gmt":"2015-03-22T13:53:19","slug":"maskarni-rej-732009","status":"publish","type":"page","link":"https:\/\/www.motorkarizhabri.cz\/?page_id=645","title":{"rendered":"Ma\u0161karn\u00ed rej 7.3.2009"},"content":{"rendered":"<p>To si takhle sed&iacute;me v Habersk&eacute; hospod\u011b, posledn&iacute; akce se konala p\u0159ed t&yacute;dnem a dal&scaron;&iacute; je napl&aacute;novan&aacute; na p\u0159&iacute;&scaron;t&iacute; v&iacute;kend. Tak\u017ee nuda, nic moc se ned\u011bje. A tu jeden prav&iacute;: ,,hele, co n\u011bco uspo\u0159&aacute;dat?&ldquo;. Druh&yacute; odpov&iacute;: ,,no jo, ale co?&ldquo;. T\u0159et&iacute; navrhne: ,,ma&scaron;kar&aacute;k&ldquo;. \u010ctvrt&yacute; nam&iacute;tne: ,,no ale kdy, v\u017edy\u0165 se n&aacute;m u\u017e nikam nevejde&ldquo;. P&aacute;t&yacute; odv\u011bt&iacute;: ,,ale jo, m&aacute;me voln&yacute; v&iacute;kend 7.3.2009&ldquo;. ( Jen pro informaci, je zrovna za\u010d&aacute;tek prosince 2008). A pak se na konci &uacute;nora objevily ve schr&aacute;nk&aacute;ch pozv&aacute;nky za\u010d&iacute;naj&iacute;c&iacute;mi slovy: ,<em>,Bytosti nadp\u0159irozen&eacute;, pekeln&eacute;, nebesk&eacute;, zv&iacute;\u0159ec&iacute;, poh&aacute;dkov&eacute;&#8230;.poj\u010fme na chvilku odlo\u017eit nevzhledn&eacute; a potupn&eacute; lidsk&eacute; masky. Poj\u010fme se sej&iacute;t&#8230;.&ldquo;<\/em> a n&aacute;sleduj&iacute; informace kdy a kde. A je&scaron;t\u011b prosba o p\u0159inesen&iacute; d\u0159eva, abychom nemrzli a u\u017e&iacute;vali si na&scaron;e rejd\u011bn&iacute; v tepl&iacute;\u010dku. <img decoding=\"async\" alt=\"Pozv\u00e1nka na ma\u0161karn\u00ed rej\" src=\"https:\/\/www.motorkarizhabri.cz\/fotky\/vizitky\/pozvanka.jpg\" \/> A je tu 7.3.2009[Not a valid template]a Hab\u0159&iacute; se za\u010d&iacute;n&aacute; zapl\u0148ovat zv&iacute;\u0159&aacute;tky, p\u0159&iacute;&scaron;erami, postavami d\u011bsiv&yacute;mi i poh&aacute;dkov&yacute;mi, nesouc&iacute;mi tu pol&iacute;nko, tu poleno a dokonce i jedouc&iacute; autem s pln&yacute;m kufrem d\u0159eva (Iv\u010do d&iacute;ky). Pomalu (no vlastn\u011b n\u011bjak moc rychle) se pln&iacute; s&aacute;le\u010dek na Habersk&eacute;m vrchu. Muzikanti z kapely Div&aacute; B&aacute;ra lad&iacute; sv&eacute; n&aacute;stroje, p\u0159ed s&aacute;lem stoj&iacute; jak&aacute;si d\u011bsiv&aacute; socha. Socha? Pravda, stoj&iacute; to bez pohnut&iacute;, a\u017e se jeden postar&scaron;&iacute; p&aacute;r chvilku dohaduje, zda je to \u017eiv&eacute;, \u010di vycpan&eacute;. V okam\u017eiku, kdy chce d\u011bda babce p\u0159edv&eacute;st, \u017ee m&aacute; pravdu, \u017ee je to um\u011bl&eacute;, \u017ee si na to m\u016f\u017ee klidn\u011b s&aacute;hnout, \u017ee je to ne&scaron;kodn&eacute;, se to pohne a vyprav&iacute; ze sebe ne&scaron;kodn&eacute; ,,HU!&ldquo;. Chvilku to vypad&aacute;, \u017ee bude zapot\u0159eb&iacute; sanitka. Alex n&aacute;m d\u011bs&iacute; star&scaron;&iacute; spoluob\u010dany. A pak u\u017e se to prost\u011b jen roj&iacute;. K rojen&iacute; se p\u0159id&aacute;vaj&iacute; sest\u0159i\u010dky, Pat a Mat, Muf, d\u011bsiv&eacute; zv&iacute;\u0159e s elegantn&iacute; \u010darod\u011bjnic&iacute;, Pipi pun\u010docha, Adamsova rodina, indi&aacute;ni, bejk a kr&aacute;va, kovbojov&eacute;, princov&eacute;, b\u0159i&scaron;n&iacute; tane\u010dnice a mnoho dal&scaron;&iacute;ch. Tancuje se, pop&iacute;j&iacute; se, poj&iacute;d&aacute; se a je fajn. Vyhl&aacute;&scaron;en&iacute; nejlep&scaron;&iacute; masky nen&iacute; a\u017e tak d\u016fle\u017eit&eacute;, v&scaron;echny jsou bezvadn&eacute;, ale mus&iacute; se uznat, \u017ee kapela vybrala fakt nejlep&scaron;&iacute; masku. Muf (Ros\u0165a), nezklamal a vyrobil Mufa fakt luxusn&iacute;ho! Jen jsme ho museli cel&yacute; ve\u010der krmit a nap&aacute;jet, proto\u017ee, jak je zn&aacute;mo, Muf nem&aacute; ruce! A to je v&scaron;e, p\u0159&aacute;tel&eacute;&#8230;[Not a valid template]<em>Bar\u010da<\/em><\/p>\n","protected":false},"excerpt":{"rendered":"<p>To si takhle sed&iacute;me v Habersk&eacute; hospod\u011b, posledn&iacute; akce se konala p\u0159ed t&yacute;dnem a dal&scaron;&iacute; je napl&aacute;novan&aacute; na p\u0159&iacute;&scaron;t&iacute; v&iacute;kend. Tak\u017ee nuda, nic moc se ned\u011bje. A tu jeden prav&iacute;: ,,hele, co n\u011bco uspo\u0159&aacute;dat?&ldquo;. Druh&yacute; odpov&iacute;: ,,no jo, ale co?&ldquo;. T\u0159et&iacute; navrhne: ,,ma&scaron;kar&aacute;k&ldquo;. \u010ctvrt&yacute; nam&iacute;tne: ,,no ale kdy, v\u017edy\u0165 se n&aacute;m u\u017e nikam nevejde&ldquo;. P&aacute;t&yacute; [&hellip;]<\/p>\n","protected":false},"author":2,"featured_media":0,"parent":402,"menu_order":6,"comment_status":"open","ping_status":"closed","template":"","meta":{"ngg_post_thumbnail":0},"aioseo_notices":[],"_links":{"self":[{"href":"https:\/\/www.motorkarizhabri.cz\/index.php?rest_route=\/wp\/v2\/pages\/645"}],"collection":[{"href":"https:\/\/www.motorkarizhabri.cz\/index.php?rest_route=\/wp\/v2\/pages"}],"about":[{"href":"https:\/\/www.motorkarizhabri.cz\/index.php?rest_route=\/wp\/v2\/types\/page"}],"author":[{"embeddable":true,"href":"https:\/\/www.motorkarizhabri.cz\/index.php?rest_route=\/wp\/v2\/users\/2"}],"replies":[{"embeddable":true,"href":"https:\/\/www.motorkarizhabri.cz\/index.php?rest_route=%2Fwp%2Fv2%2Fcomments&post=645"}],"version-history":[{"count":11,"href":"https:\/\/www.motorkarizhabri.cz\/index.php?rest_route=\/wp\/v2\/pages\/645\/revisions"}],"predecessor-version":[{"id":1049,"href":"https:\/\/www.motorkarizhabri.cz\/index.php?rest_route=\/wp\/v2\/pages\/645\/revisions\/1049"}],"up":[{"embeddable":true,"href":"https:\/\/www.motorkarizhabri.cz\/index.php?rest_route=\/wp\/v2\/pages\/402"}],"wp:attachment":[{"href":"https:\/\/www.motorkarizhabri.cz\/index.php?rest_route=%2Fwp%2Fv2%2Fmedia&parent=645"}],"curies":[{"name":"wp","href":"https:\/\/api.w.org\/{rel}","templated":true}]}}