{"id":577,"date":"2009-01-10T10:32:47","date_gmt":"2009-01-10T09:32:47","guid":{"rendered":"http:\/\/www.motorkarizhabri.cz\/?page_id=577"},"modified":"2015-03-22T14:54:21","modified_gmt":"2015-03-22T13:54:21","slug":"kulecnikovy-turnaj-1012009","status":"publish","type":"page","link":"https:\/\/www.motorkarizhabri.cz\/?page_id=577","title":{"rendered":"Kule\u010dn\u00edkov\u00fd turnaj  10.1.2009"},"content":{"rendered":"<p>Ka\u017ed\u00fd rok se sna\u017e\u00edme zpest\u0159it tak tro\u0161ku okurkovou, motork\u00e1\u0159skou, zimn\u00ed sez\u00f3nu \u010d\u00edmkoliv. Mimo jin\u00fdch akc\u00ed je pravideln\u011b za\u0159azen kule\u010dn\u00edkov\u00fd turnaj. Letos ho Pepa, s tro\u0161kou nostalgie, nazval ,,Vzpom\u00ednkou na Jirku Bire\u0161\u016f&#8220;.<br \/>\n A tak se se\u0161lo op\u011bt skoro cel\u00e9 Hab\u0159\u00ed aby se \u00fa\u010dastnilo, \u010di alespo\u0148 sledovalo ma\u010d, p\u0159i kter\u00e9m padaj\u00ed koule, ostr\u00e1 slova, trocha emoc\u00ed, dobr\u00e1 n\u00e1lada, n\u00e1lada m\u00e9n\u011b dobr\u00e1 (to kdy\u017e zrovna koule nepadaj\u00ed podle napl\u00e1novan\u00e9ho sc\u00e9na\u0159e).<br \/>\n Leto\u0161n\u00ed slavnostn\u00ed rozst\u0159el dostala na hrb Sl\u00e1vka Bire\u0161\u016f a i p\u0159es slzy v o\u010d\u00edch ho dala. A pak se prost\u011b jen hr\u00e1lo, jedlo (t\u00e9m\u011b\u0159 ka\u017ed\u00fd p\u0159inesl n\u011bco dobr\u00e9ho), diskutovalo o pravidlech, o sm\u016fle \u010di \u0161t\u011bst\u00ed, o kvalit\u011b r\u016fzn\u00fdch t\u00e1g, o tom, \u017ee je ten st\u016fl ur\u010dit\u011b nak\u0159ivo, proto\u017ee ,,takhle blb\u011b bych to p\u0159eci nezahr\u00e1l \ud83d\ude41 !!&#8220;.<br \/>\n B\u011bhem turnaje prob\u011bhlo i vyhl\u00e1\u0161en\u00ed v celoro\u010dn\u00edm karetn\u00edm souboji. Po spo\u010d\u00edt\u00e1n\u00ed, zpr\u016fm\u011brov\u00e1n\u00ed, vyhl\u00e1\u0161en\u00ed v\u00fdsledk\u016f jsme p\u0159i\u0161li na to, \u017ee se ve filk\u00e1ch v\u00fdrazn\u011b vyhr\u00e1t \u010di prohr\u00e1t ani snad ned\u00e1. Tak n\u011bjak \u010dlov\u011bk jednou vyhraje, jednou prohraje a v c\u00edli je t\u00e9m\u011b\u0159 na nule.<br \/>\n A pak bylo dohr\u00e1no, v\u00edt\u011bz jasn\u00fd, je skoro zbyte\u010dn\u00e9 ho tady uv\u00e1d\u011bt&#8230;.No tak dob\u0159e Dane, no!!..Nap\u00ed\u0161u to!..<br \/>\nProst\u011b, vyhr\u00e1l Dan. Ale to fakt nen\u00ed d\u016fle\u017eit\u00fd, hlavn\u011b, \u017ee se furt n\u011bco d\u011bje \ud83d\ude42 .<\/p>[Not a valid template]<p><em>Bar\u010da<\/em><\/p>\n","protected":false},"excerpt":{"rendered":"<p>Ka\u017ed\u00fd rok se sna\u017e\u00edme zpest\u0159it tak tro\u0161ku okurkovou, motork\u00e1\u0159skou, zimn\u00ed sez\u00f3nu \u010d\u00edmkoliv. Mimo jin\u00fdch akc\u00ed je pravideln\u011b za\u0159azen kule\u010dn\u00edkov\u00fd turnaj. Letos ho Pepa, s tro\u0161kou nostalgie, nazval ,,Vzpom\u00ednkou na Jirku Bire\u0161\u016f&#8220;. A tak se se\u0161lo op\u011bt skoro cel\u00e9 Hab\u0159\u00ed aby se \u00fa\u010dastnilo, \u010di alespo\u0148 sledovalo ma\u010d, p\u0159i kter\u00e9m padaj\u00ed koule, ostr\u00e1 slova, trocha emoc\u00ed, dobr\u00e1 [&hellip;]<\/p>\n","protected":false},"author":2,"featured_media":0,"parent":402,"menu_order":3,"comment_status":"open","ping_status":"closed","template":"","meta":{"ngg_post_thumbnail":0},"aioseo_notices":[],"_links":{"self":[{"href":"https:\/\/www.motorkarizhabri.cz\/index.php?rest_route=\/wp\/v2\/pages\/577"}],"collection":[{"href":"https:\/\/www.motorkarizhabri.cz\/index.php?rest_route=\/wp\/v2\/pages"}],"about":[{"href":"https:\/\/www.motorkarizhabri.cz\/index.php?rest_route=\/wp\/v2\/types\/page"}],"author":[{"embeddable":true,"href":"https:\/\/www.motorkarizhabri.cz\/index.php?rest_route=\/wp\/v2\/users\/2"}],"replies":[{"embeddable":true,"href":"https:\/\/www.motorkarizhabri.cz\/index.php?rest_route=%2Fwp%2Fv2%2Fcomments&post=577"}],"version-history":[{"count":6,"href":"https:\/\/www.motorkarizhabri.cz\/index.php?rest_route=\/wp\/v2\/pages\/577\/revisions"}],"predecessor-version":[{"id":991,"href":"https:\/\/www.motorkarizhabri.cz\/index.php?rest_route=\/wp\/v2\/pages\/577\/revisions\/991"}],"up":[{"embeddable":true,"href":"https:\/\/www.motorkarizhabri.cz\/index.php?rest_route=\/wp\/v2\/pages\/402"}],"wp:attachment":[{"href":"https:\/\/www.motorkarizhabri.cz\/index.php?rest_route=%2Fwp%2Fv2%2Fmedia&parent=577"}],"curies":[{"name":"wp","href":"https:\/\/api.w.org\/{rel}","templated":true}]}}