{"id":402,"date":"2000-01-31T14:58:17","date_gmt":"2000-01-31T13:58:17","guid":{"rendered":"http:\/\/www.motorkarizhabri.cz\/?page_id=402"},"modified":"2009-02-04T08:59:58","modified_gmt":"2009-02-04T07:59:58","slug":"habersky-archiv","status":"publish","type":"page","link":"https:\/\/www.motorkarizhabri.cz\/?page_id=402","title":{"rendered":"HABERSK\u00dd ARCHIV OBECN\u00cdCH AKC\u00cd"},"content":{"rendered":"<p>Tak tady najdete v\u0161echny mo\u017en\u00e9 i nemo\u017en\u00e9 akce, kter\u00e9 Haber\u00e1ci podnikli \ud83d\ude42<br \/>\nHabersk\u00fd \u017eivot je pestr\u00fd a n\u00e1m u\u017e ta pam\u011b\u0165 tolik neslou\u017e\u00ed (tedy jak komu) a tak jsme museli z\u0159\u00eddit rubriku, do kter\u00e9 si budeme zapisovat akce, \u010di sp\u00ed\u0161e akci\u010dky, kter\u00e9 se nehod\u00ed do samostatn\u00fdch \u010dl\u00e1nk\u016f. Jinak v\u0161e zapomeneme a to by byla \u0161koda. Jak n\u00e1m \u010das a lenost dovol\u00ed, tak se mo\u017en\u00e1 postupn\u011b prokou\u0161eme i na\u0161\u00ed histori\u00ed.<\/p>\n","protected":false},"excerpt":{"rendered":"<p>Tak tady najdete v\u0161echny mo\u017en\u00e9 i nemo\u017en\u00e9 akce, kter\u00e9 Haber\u00e1ci podnikli \ud83d\ude42 Habersk\u00fd \u017eivot je pestr\u00fd a n\u00e1m u\u017e ta pam\u011b\u0165 tolik neslou\u017e\u00ed (tedy jak komu) a tak jsme museli z\u0159\u00eddit rubriku, do kter\u00e9 si budeme zapisovat akce, \u010di sp\u00ed\u0161e akci\u010dky, kter\u00e9 se nehod\u00ed do samostatn\u00fdch \u010dl\u00e1nk\u016f. Jinak v\u0161e zapomeneme a to by byla \u0161koda. [&hellip;]<\/p>\n","protected":false},"author":1,"featured_media":0,"parent":0,"menu_order":10,"comment_status":"open","ping_status":"closed","template":"","meta":{"ngg_post_thumbnail":0},"aioseo_notices":[],"_links":{"self":[{"href":"https:\/\/www.motorkarizhabri.cz\/index.php?rest_route=\/wp\/v2\/pages\/402"}],"collection":[{"href":"https:\/\/www.motorkarizhabri.cz\/index.php?rest_route=\/wp\/v2\/pages"}],"about":[{"href":"https:\/\/www.motorkarizhabri.cz\/index.php?rest_route=\/wp\/v2\/types\/page"}],"author":[{"embeddable":true,"href":"https:\/\/www.motorkarizhabri.cz\/index.php?rest_route=\/wp\/v2\/users\/1"}],"replies":[{"embeddable":true,"href":"https:\/\/www.motorkarizhabri.cz\/index.php?rest_route=%2Fwp%2Fv2%2Fcomments&post=402"}],"version-history":[{"count":5,"href":"https:\/\/www.motorkarizhabri.cz\/index.php?rest_route=\/wp\/v2\/pages\/402\/revisions"}],"predecessor-version":[{"id":589,"href":"https:\/\/www.motorkarizhabri.cz\/index.php?rest_route=\/wp\/v2\/pages\/402\/revisions\/589"}],"wp:attachment":[{"href":"https:\/\/www.motorkarizhabri.cz\/index.php?rest_route=%2Fwp%2Fv2%2Fmedia&parent=402"}],"curies":[{"name":"wp","href":"https:\/\/api.w.org\/{rel}","templated":true}]}}