{"id":1609,"date":"2015-03-22T15:16:39","date_gmt":"2015-03-22T14:16:39","guid":{"rendered":"http:\/\/www.motorkarizhabri.cz\/?page_id=1609"},"modified":"2015-04-01T12:34:32","modified_gmt":"2015-04-01T11:34:32","slug":"vanocni-punc-2014","status":"publish","type":"page","link":"https:\/\/www.motorkarizhabri.cz\/?page_id=1609","title":{"rendered":"V\u00e1no\u010dn\u00ed pun\u010d 2014"},"content":{"rendered":"<p>Letos podes\u00e1t\u00e9! Neskute\u010dn\u00e9! Ani si netrouf\u00e1m spo\u010d\u00edtat, kolik litr\u016f pun\u010de se za ta l\u00e9ta na n\u00e1vsi vypilo. V\u0161e je poka\u017ed\u00e9 stejn\u00e9. \u00dasm\u011bvy, pot\u0159esen\u00ed rukou, nat\u011b\u0161en\u00ed na Je\u017e\u00ed\u0161ka, poklidn\u00e9 post\u00e1v\u00e1n\u00ed. Ale n\u011bco se p\u0159eci jen zm\u011bnilo. Ti cvr\u010dkov\u00e9, kte\u0159\u00ed se tu p\u0159ed deseti lety sotva batolili maj\u00ed te\u010f \u00fapln\u011b jin\u00e9 z\u00e1jmy. A ti, kte\u0159\u00ed tehdy proch\u00e1zeli \u0161koln\u00edmi lavicemi coby nov\u00e1\u010dkov\u00e9, u\u017e maj\u00ed chu\u0165 ochutnat pun\u010d dosp\u011bl\u00e1ck\u00fd. A pak je tu taky dost t\u011bch, kte\u0159\u00ed tenkr\u00e1t byli na houb\u00e1ch v\u00a0h\u00f3dn\u011b hlubok\u00fdch les\u00edch.<\/p>\n<p>Abychom si p\u0159ipomn\u011bli, jak ta l\u00e9ta b\u011b\u017e\u00ed, tak Hanka \u010c\u00ed\u017ek\u016f p\u0159ipravila takovou malou v\u00fdstavku z\u00a0fotek z\u00a0let minul\u00fdch. N\u00e1dhern\u00e9.<\/p>\n<p>A co si p\u0159\u00e1t do p\u0159\u00ed\u0161t\u00edch let?<\/p>\n<p>Abychom se sch\u00e1zeli d\u00e1l v\u00a0takov\u00e9m po\u010dtu jako dosud. A abychom m\u011bli za dal\u0161\u00edch deset let op\u011bt dost fotek k\u00a0dal\u0161\u00edmu zavzpom\u00edn\u00e1n\u00ed.<\/p>\n<p>KR\u00c1SN\u00c9 V\u00c1NOCE \u00a0\ud83d\ude42<\/p>\n<p>&nbsp;<\/p>\n","protected":false},"excerpt":{"rendered":"<p>Letos podes\u00e1t\u00e9! Neskute\u010dn\u00e9! Ani si netrouf\u00e1m spo\u010d\u00edtat, kolik litr\u016f pun\u010de se za ta l\u00e9ta na n\u00e1vsi vypilo. V\u0161e je poka\u017ed\u00e9 stejn\u00e9. \u00dasm\u011bvy, pot\u0159esen\u00ed rukou, nat\u011b\u0161en\u00ed na Je\u017e\u00ed\u0161ka, poklidn\u00e9 post\u00e1v\u00e1n\u00ed. Ale n\u011bco se p\u0159eci jen zm\u011bnilo. Ti cvr\u010dkov\u00e9, kte\u0159\u00ed se tu p\u0159ed deseti lety sotva batolili maj\u00ed te\u010f \u00fapln\u011b jin\u00e9 z\u00e1jmy. A ti, kte\u0159\u00ed tehdy proch\u00e1zeli [&hellip;]<\/p>\n","protected":false},"author":2,"featured_media":0,"parent":402,"menu_order":25,"comment_status":"open","ping_status":"closed","template":"","meta":{"ngg_post_thumbnail":0},"aioseo_notices":[],"_links":{"self":[{"href":"https:\/\/www.motorkarizhabri.cz\/index.php?rest_route=\/wp\/v2\/pages\/1609"}],"collection":[{"href":"https:\/\/www.motorkarizhabri.cz\/index.php?rest_route=\/wp\/v2\/pages"}],"about":[{"href":"https:\/\/www.motorkarizhabri.cz\/index.php?rest_route=\/wp\/v2\/types\/page"}],"author":[{"embeddable":true,"href":"https:\/\/www.motorkarizhabri.cz\/index.php?rest_route=\/wp\/v2\/users\/2"}],"replies":[{"embeddable":true,"href":"https:\/\/www.motorkarizhabri.cz\/index.php?rest_route=%2Fwp%2Fv2%2Fcomments&post=1609"}],"version-history":[{"count":1,"href":"https:\/\/www.motorkarizhabri.cz\/index.php?rest_route=\/wp\/v2\/pages\/1609\/revisions"}],"predecessor-version":[{"id":1610,"href":"https:\/\/www.motorkarizhabri.cz\/index.php?rest_route=\/wp\/v2\/pages\/1609\/revisions\/1610"}],"up":[{"embeddable":true,"href":"https:\/\/www.motorkarizhabri.cz\/index.php?rest_route=\/wp\/v2\/pages\/402"}],"wp:attachment":[{"href":"https:\/\/www.motorkarizhabri.cz\/index.php?rest_route=%2Fwp%2Fv2%2Fmedia&parent=1609"}],"curies":[{"name":"wp","href":"https:\/\/api.w.org\/{rel}","templated":true}]}}