{"id":1592,"date":"2015-03-22T12:00:35","date_gmt":"2015-03-22T11:00:35","guid":{"rendered":"http:\/\/www.motorkarizhabri.cz\/?page_id=1592"},"modified":"2015-04-01T12:35:27","modified_gmt":"2015-04-01T11:35:27","slug":"maskarak-7-3-2015","status":"publish","type":"page","link":"https:\/\/www.motorkarizhabri.cz\/?page_id=1592","title":{"rendered":"Ma\u0161kar\u00e1k 7.3.2015"},"content":{"rendered":"<p>Brekeke brekeke, jak si to tak \u010dvacht\u00e1m kr\u00e1snou, jiho\u010deskou krajinou plnou vo\u0148av\u00fdch rybn\u00edk\u016f a pot\u016f\u010dk\u016f, tak se mi do s\u00ed\u0165ky p\u0159imotal n\u011bjak\u00fd pap\u00edr. A \u017ee jsem vodn\u00edk vzd\u011blan\u00fd, v\u0161ak jsem vymetl n\u011bco \u0161koln\u00edch um\u00fdv\u00e1rek, tak jsem si p\u0159e\u010detl, \u017ee se pr\u00fd v\u00a0Hab\u0159\u00ed po\u0159\u00e1d\u00e1 7.3.2015 jak\u00fdsi candrb\u00e1l. A \u017ee pr\u00fd tam budou bytosti nev\u00eddan\u00e9. Brekeke, omo\u010d\u00edm \u0161osy ve vod\u011b, sbal\u00edm sv\u00fdch p\u011bt hrne\u010dk\u016f a vyraz\u00edm do spole\u010dnosti.<\/p>\n<p>V Hab\u0159\u00ed, kr\u00e1sn\u011b obklopen\u00e9m n\u011bkolika rybn\u00ed\u010dky, blikaly v\u00a0s\u00e1le fujtajblov\u00fd \u0161ant\u00e1nov\u00fd lucerni\u010dky. To asi aby na sebe bytosti nevid\u011bly a navz\u00e1jem se sebe nezalekly. Zbyte\u010dn\u00e9 obavy. Na ta\u0161ka\u0159ici dorazili kr\u00e1sn\u00e9 v\u00edly, princezny, kovbojov\u00e9, ko\u010di\u010dka, dokonce i d\u011bde\u010dek H\u0159\u00edbe\u010dek. A zahl\u00e9dl jsem Macha a\u00a0\u0160ebestovou s\u00a0jejich sluch\u00e1tkem. Sluch\u00e1tko za\u0159\u00eddilo zahr\u00e1n\u00ed p\u00edsni\u010dky n\u011bjak\u00e9 smutn\u00e9 princezn\u011b a t\u00edm ji rozveselilo. Brekeke.<\/p>\n<p>Po s\u00e1le se proch\u00e1zel ter\u010d, ale nikdo si do n\u011bj nest\u0159\u00edlel. A pro\u010d by ano, u\u017e takhle byl prost\u0159\u00edlen\u00fd a\u017e a\u017e. R\u00e1dcov\u00e9 X a Y nikomu neradili, asi m\u011bli zrovna volno. V\u010delku pot\u011b\u0161ilo velk\u00e9 mno\u017estv\u00ed v\u010dela\u0159\u016f, pr\u00fd se d\u00edky nim c\u00edtila v\u00a0bezpe\u010d\u00ed. Brekeke.<\/p>\n<p>Kone\u010dn\u011b jsem z\u0159el postavi\u010dky mn\u011b tak p\u0159\u00edjemn\u00e9. Cel\u00e9 zelen\u00e9! Brekeke, nab\u00eddl jsem zelen\u00e9 rodince vodu na p\u0159iv\u00edtanou, ale oni ji odm\u00edtli!!! \u017dasnu, je\u0161t\u011b jsem nevid\u011bl hastrmana, kter\u00fd by pohrdl vodou. Ha! A\u010d zelen\u00ed, nejsou to vodn\u00edci, ale jac\u00edsi zlobrov\u00e9. Zle tedy v\u016fbec nevyhl\u00ed\u017eej\u00ed, naopak velmi p\u0159\u00e1telsky, hlavn\u011b to mal\u00e9 \u0160re\u010d\u00e1tko.<\/p>\n<p>A tak si v\u00a0tom malebn\u00e9m Hab\u0159\u00ed rejd\u00edme, vesel\u00edme se, kovbojka si k\u00a0tanci zula i boty, asi se s\u00a0ostruhami blb\u011b tan\u010d\u00ed. Nab\u00edz\u00edm p\u0159\u00edtomn\u00fdm n\u011bco ze sv\u00e9 \u0161pajsky, dokonce jsem hodil do placu i utopence ji\u017e p\u011bkn\u00fdch p\u00e1r let ulo\u017een\u00e9 a l\u00e1k\u00e1m postavi\u010dky k\u00a0nahl\u00e9dnut\u00ed do m\u00fdch hrne\u010dk\u016f. Nechce se jim tam, nev\u00edm pro\u010d, m\u00e9 du\u0161i\u010dky se tv\u00e1\u0159\u00ed spokojen\u011b. Osv\u011b\u017euji p\u0159\u00edtomn\u00e9 kapkami chladiv\u00e9 vody z\u00a0m\u00e9ho p\u0159enosn\u00e9ho pot\u016f\u010dku. Nech\u00e1pu pro\u010d, ale h\u0159\u00edbek se zal\u00edt necht\u011bl nechat. Asi se chyst\u00e1 na usu\u0161en\u00ed.<\/p>\n<p>V\u00a0jednu chv\u00edli vol\u00e1 d\u011bde\u010dek H\u0159\u00edbe\u010dek Macha s\u00a0\u0160ebestovou, \u0160re\u010d\u00ed rodinku a mne k\u00a0tomu p\u00e1novi se sluch\u00e1tky, od kter\u00e9ho se linula muzika a p\u0159edal n\u00e1m n\u011bjak\u00e9 dary. Na mne vy\u0161el fl\u00e1k masa. No rybinou to bohu\u017eel nesmrd\u011blo, brekeke, ale i tak to bylo moc dobr\u00fd.<\/p>\n<p>A tak jsme se tak veselili, a\u017e jsme byli uveseleni ke span\u00ed. Tak si jdu zal\u00e9zt do r\u00e1kos\u00ed a nech\u00e1m si zd\u00e1t n\u011bco p\u011bkn\u00e9ho. T\u0159eba to, \u017ee se snad za rok sejdeme zas. Brekeke \ud83d\ude42<\/p>\n<p>&nbsp;<\/p>\n<p><em>Bar\u010da<\/em><\/p>\n<p>&nbsp;<\/p>\n[Not a valid template]\n<p>&nbsp;<\/p>\n","protected":false},"excerpt":{"rendered":"<p>Brekeke brekeke, jak si to tak \u010dvacht\u00e1m kr\u00e1snou, jiho\u010deskou krajinou plnou vo\u0148av\u00fdch rybn\u00edk\u016f a pot\u016f\u010dk\u016f, tak se mi do s\u00ed\u0165ky p\u0159imotal n\u011bjak\u00fd pap\u00edr. A \u017ee jsem vodn\u00edk vzd\u011blan\u00fd, v\u0161ak jsem vymetl n\u011bco \u0161koln\u00edch um\u00fdv\u00e1rek, tak jsem si p\u0159e\u010detl, \u017ee se pr\u00fd v\u00a0Hab\u0159\u00ed po\u0159\u00e1d\u00e1 7.3.2015 jak\u00fdsi candrb\u00e1l. A \u017ee pr\u00fd tam budou bytosti nev\u00eddan\u00e9. Brekeke, omo\u010d\u00edm [&hellip;]<\/p>\n","protected":false},"author":2,"featured_media":0,"parent":402,"menu_order":26,"comment_status":"open","ping_status":"closed","template":"","meta":{"ngg_post_thumbnail":0},"aioseo_notices":[],"_links":{"self":[{"href":"https:\/\/www.motorkarizhabri.cz\/index.php?rest_route=\/wp\/v2\/pages\/1592"}],"collection":[{"href":"https:\/\/www.motorkarizhabri.cz\/index.php?rest_route=\/wp\/v2\/pages"}],"about":[{"href":"https:\/\/www.motorkarizhabri.cz\/index.php?rest_route=\/wp\/v2\/types\/page"}],"author":[{"embeddable":true,"href":"https:\/\/www.motorkarizhabri.cz\/index.php?rest_route=\/wp\/v2\/users\/2"}],"replies":[{"embeddable":true,"href":"https:\/\/www.motorkarizhabri.cz\/index.php?rest_route=%2Fwp%2Fv2%2Fcomments&post=1592"}],"version-history":[{"count":2,"href":"https:\/\/www.motorkarizhabri.cz\/index.php?rest_route=\/wp\/v2\/pages\/1592\/revisions"}],"predecessor-version":[{"id":5097,"href":"https:\/\/www.motorkarizhabri.cz\/index.php?rest_route=\/wp\/v2\/pages\/1592\/revisions\/5097"}],"up":[{"embeddable":true,"href":"https:\/\/www.motorkarizhabri.cz\/index.php?rest_route=\/wp\/v2\/pages\/402"}],"wp:attachment":[{"href":"https:\/\/www.motorkarizhabri.cz\/index.php?rest_route=%2Fwp%2Fv2%2Fmedia&parent=1592"}],"curies":[{"name":"wp","href":"https:\/\/api.w.org\/{rel}","templated":true}]}}