{"id":1478,"date":"2013-12-25T08:48:29","date_gmt":"2013-12-25T07:48:29","guid":{"rendered":"http:\/\/www.motorkarizhabri.cz\/?page_id=1478"},"modified":"2015-04-01T12:33:06","modified_gmt":"2015-04-01T11:33:06","slug":"vanoce-2013","status":"publish","type":"page","link":"https:\/\/www.motorkarizhabri.cz\/?page_id=1478","title":{"rendered":"V\u00e1noce 2013"},"content":{"rendered":"<p><strong>V\u00fdlov u Siskin\u016f 22.12.2013<\/strong><\/p>\n<p>,,Je n\u00e1s jeden\u00e1ct, jak v kopan\u00e9&#8230;\u201c Zp\u00edvaj\u00ed si kap\u0159\u00edci v prasiskinov\u011b k\u00e1di. Tedy jestli si po tomhle dni prozp\u011bvuj\u00ed, to fakt nev\u00edm, ale jeden\u00e1ct jich je! To v\u00edm! To \u0159\u00edkal hlavn\u00ed porybn\u00fd! A ten to mus\u00ed v\u011bd\u011bt! Ten se brodil vodou studenou, jeden\u00e1ctkr\u00e1t do n\u00ed m\u00e1chl sakem a jeden\u00e1ctkr\u00e1t radostn\u011b vyk\u0159ikl: ,,m\u00e1m ho!\u201c<br \/>\nN\u00e1s, post\u00e1vaj\u00edc\u00edch na b\u0159ehu chladn\u00e9ho rybn\u00ed\u010dka je podstatn\u011b v\u00edc. Ale n\u011bjak n\u00e1m to nevad\u00ed. Oni kap\u0159\u00edci jsou vlastn\u011b tak trochu z\u00e1st\u011brkou pro fajn pro\u017eit\u00e9 odpoledne se sousedy, pun\u010dem siskinkou vyroben\u00e9m, kl\u00e1bosen\u00edm. No a taky t\u00edm jable\u010dn\u00fdm pun\u010dem, o kter\u00e9m \u0159\u00edkal siskin, \u017ee je ne\u0161kodn\u00fd. Nen\u00ed! Je velmi \u0161kodn\u00fd, a je t\u0159eba se p\u0159ed n\u00edm m\u00edt na pozoru. \u0158\u00edkaj\u00ed n\u011bkte\u0159\u00ed znal\u00ed.<br \/>\nPan\u00ed porybn\u00e1 m\u011bla obavy, \u017ee v rybn\u00edce nebude ani on\u011bch jeden\u00e1ct, kter\u00e9 tam r\u016fzn\u00ed soused\u00e9 b\u011bhem roku nah\u00e1zeli a rad\u011bji p\u0159ipravila kap\u0159\u00edky n\u00e1hradn\u00ed, z pern\u00edku dovedn\u011b vytvo\u0159en\u00e9.<br \/>\nD\u00edky! Kr\u00e1sn\u00e9 odpoledne \ud83d\ude42<\/p>[Not a valid template]<p><strong>Pun\u010d 24.12.2013<\/strong><\/p>\n<p>80 litr\u016f pun\u010de opustilo hrnce p\u00e1r minut po t\u0159et\u00ed hodin\u011b. Ne, nevylili jsme ho. Fakt se z hrnc\u016f p\u0159enesl do hrne\u010dk\u016f a byl v rekordn\u00edm \u010dase vypit. Dost jsem p\u0159iv\u00edtala snahu siskina chytit se nab\u011bra\u010dky. Ani tak moc pro nechu\u0165 nal\u00e9vat, ale pro nechu\u0165 oznamovat, \u017ee u\u017e jsme na dn\u011b. Za on\u011bch dev\u011bt let jsme poprv\u00e9 dol\u00e9vali a dochucovali pun\u010d na m\u00edst\u011b. T\u011bch p\u00e1r posledn\u00edch hrne\u010dk\u016f, kter\u00e9 m\u00e1 na sv\u011bdom\u00ed siskin s Mufem bych p\u00edt necht\u011bla :-).<br \/>\nD\u00edky ka\u017ed\u00e9mu, kdo dok\u00e1zal odlo\u017eit v\u00e1no\u010dn\u00ed p\u0159\u00edpravy, odej\u00edt od rozp\u00e1len\u00e9 trouby, spor\u00e1ku, od neozdoben\u00e9ho strome\u010dku a v hor\u0161\u00edm p\u0159\u00edpad\u011b od nezabalen\u00fdch d\u00e1rk\u016f k pokec\u00e1n\u00ed se sousedy.<\/p>[Not a valid template]","protected":false},"excerpt":{"rendered":"<p>V\u00fdlov u Siskin\u016f 22.12.2013 ,,Je n\u00e1s jeden\u00e1ct, jak v kopan\u00e9&#8230;\u201c Zp\u00edvaj\u00ed si kap\u0159\u00edci v prasiskinov\u011b k\u00e1di. Tedy jestli si po tomhle dni prozp\u011bvuj\u00ed, to fakt nev\u00edm, ale jeden\u00e1ct jich je! To v\u00edm! To \u0159\u00edkal hlavn\u00ed porybn\u00fd! A ten to mus\u00ed v\u011bd\u011bt! Ten se brodil vodou studenou, jeden\u00e1ctkr\u00e1t do n\u00ed m\u00e1chl sakem a jeden\u00e1ctkr\u00e1t radostn\u011b vyk\u0159ikl: [&hellip;]<\/p>\n","protected":false},"author":2,"featured_media":0,"parent":402,"menu_order":24,"comment_status":"open","ping_status":"closed","template":"","meta":{"ngg_post_thumbnail":0},"aioseo_notices":[],"_links":{"self":[{"href":"https:\/\/www.motorkarizhabri.cz\/index.php?rest_route=\/wp\/v2\/pages\/1478"}],"collection":[{"href":"https:\/\/www.motorkarizhabri.cz\/index.php?rest_route=\/wp\/v2\/pages"}],"about":[{"href":"https:\/\/www.motorkarizhabri.cz\/index.php?rest_route=\/wp\/v2\/types\/page"}],"author":[{"embeddable":true,"href":"https:\/\/www.motorkarizhabri.cz\/index.php?rest_route=\/wp\/v2\/users\/2"}],"replies":[{"embeddable":true,"href":"https:\/\/www.motorkarizhabri.cz\/index.php?rest_route=%2Fwp%2Fv2%2Fcomments&post=1478"}],"version-history":[{"count":2,"href":"https:\/\/www.motorkarizhabri.cz\/index.php?rest_route=\/wp\/v2\/pages\/1478\/revisions"}],"predecessor-version":[{"id":1493,"href":"https:\/\/www.motorkarizhabri.cz\/index.php?rest_route=\/wp\/v2\/pages\/1478\/revisions\/1493"}],"up":[{"embeddable":true,"href":"https:\/\/www.motorkarizhabri.cz\/index.php?rest_route=\/wp\/v2\/pages\/402"}],"wp:attachment":[{"href":"https:\/\/www.motorkarizhabri.cz\/index.php?rest_route=%2Fwp%2Fv2%2Fmedia&parent=1478"}],"curies":[{"name":"wp","href":"https:\/\/api.w.org\/{rel}","templated":true}]}}