{"id":1198,"date":"2011-01-10T19:29:47","date_gmt":"2011-01-10T18:29:47","guid":{"rendered":"http:\/\/www.motorkarizhabri.cz\/?page_id=1198"},"modified":"2015-03-22T14:51:28","modified_gmt":"2015-03-22T13:51:28","slug":"vanoce-2010","status":"publish","type":"page","link":"https:\/\/www.motorkarizhabri.cz\/?page_id=1198","title":{"rendered":"V\u00e1noce 2010"},"content":{"rendered":"<p><!--[if gte mso 9]><xml>\n <w :WordDocument>\n  <\/w><w :View>Normal<\/w>\n  <w :Zoom>0<\/w>\n  <w :TrackMoves><\/w>\n  <w :TrackFormatting><\/w>\n  <w :HyphenationZone>21<\/w>\n  <w :PunctuationKerning><\/w>\n  <w :ValidateAgainstSchemas><\/w>\n  <w :SaveIfXMLInvalid>false<\/w>\n  <w :IgnoreMixedContent>false<\/w>\n  <w :AlwaysShowPlaceholderText>false<\/w>\n  <w :DoNotPromoteQF><\/w>\n  <w :LidThemeOther>CS<\/w>\n  <w :LidThemeAsian>X-NONE<\/w>\n  <w :LidThemeComplexScript>X-NONE<\/w>\n  <w :Compatibility>\n   <w :BreakWrappedTables><\/w>\n   <w :SnapToGridInCell><\/w>\n   <w :WrapTextWithPunct><\/w>\n   <w :UseAsianBreakRules><\/w>\n   <w :DontGrowAutofit><\/w>\n   <w :SplitPgBreakAndParaMark><\/w>\n   <w :DontVertAlignCellWithSp><\/w>\n   <w :DontBreakConstrainedForcedTables><\/w>\n   <w :DontVertAlignInTxbx><\/w>\n   <w :Word11KerningPairs><\/w>\n   <w :CachedColBalance><\/w>\n  <\/w>\n  <m :mathPr>\n   <m :mathFont m:val=\"Cambria Math\"><\/m>\n   <m :brkBin m:val=\"before\"><\/m>\n   <m :brkBinSub m:val=\"&#45;-\"><\/m>\n   <m :smallFrac m:val=\"off\"><\/m>\n   <m :dispDef><\/m>\n   <m :lMargin m:val=\"0\"><\/m>\n   <m :rMargin m:val=\"0\"><\/m>\n   <m :defJc m:val=\"centerGroup\"><\/m>\n   <m :wrapIndent m:val=\"1440\"><\/m>\n   <m :intLim m:val=\"subSup\"><\/m>\n   <m :naryLim m:val=\"undOvr\"><\/m>\n  <\/m>\n<\/xml>< ![endif]--><!--[if gte mso 9]><xml>\n <w :LatentStyles DefLockedState=\"false\" DefUnhideWhenUsed=\"true\"\n  DefSemiHidden=\"true\" DefQFormat=\"false\" DefPriority=\"99\"\n  LatentStyleCount=\"267\">\n  <w :LsdException Locked=\"false\" Priority=\"0\" SemiHidden=\"false\"\n   UnhideWhenUsed=\"false\" QFormat=\"true\" Name=\"Normal\"><\/w>\n  <w :LsdException Locked=\"false\" Priority=\"9\" SemiHidden=\"false\"\n   UnhideWhenUsed=\"false\" QFormat=\"true\" Name=\"heading 1\"><\/w>\n  <w :LsdException Locked=\"false\" Priority=\"9\" QFormat=\"true\" Name=\"heading 2\"><\/w>\n  <w :LsdException Locked=\"false\" Priority=\"9\" QFormat=\"true\" Name=\"heading 3\"><\/w>\n  <w :LsdException Locked=\"false\" Priority=\"9\" QFormat=\"true\" Name=\"heading 4\"><\/w>\n  <w :LsdException Locked=\"false\" Priority=\"9\" QFormat=\"true\" Name=\"heading 5\"><\/w>\n  <w :LsdException Locked=\"false\" Priority=\"9\" QFormat=\"true\" Name=\"heading 6\"><\/w>\n  <w :LsdException Locked=\"false\" Priority=\"9\" QFormat=\"true\" Name=\"heading 7\"><\/w>\n  <w :LsdException Locked=\"false\" Priority=\"9\" QFormat=\"true\" Name=\"heading 8\"><\/w>\n  <w :LsdException Locked=\"false\" Priority=\"9\" QFormat=\"true\" Name=\"heading 9\"><\/w>\n  <w :LsdException Locked=\"false\" Priority=\"39\" Name=\"toc 1\"><\/w>\n  <w :LsdException Locked=\"false\" Priority=\"39\" Name=\"toc 2\"><\/w>\n  <w :LsdException Locked=\"false\" Priority=\"39\" Name=\"toc 3\"><\/w>\n  <w :LsdException Locked=\"false\" Priority=\"39\" Name=\"toc 4\"><\/w>\n  <w :LsdException Locked=\"false\" Priority=\"39\" Name=\"toc 5\"><\/w>\n  <w :LsdException Locked=\"false\" Priority=\"39\" Name=\"toc 6\"><\/w>\n  <w :LsdException Locked=\"false\" Priority=\"39\" Name=\"toc 7\"><\/w>\n  <w :LsdException Locked=\"false\" Priority=\"39\" Name=\"toc 8\"><\/w>\n  <w :LsdException Locked=\"false\" Priority=\"39\" Name=\"toc 9\"><\/w>\n  <w :LsdException Locked=\"false\" Priority=\"35\" QFormat=\"true\" Name=\"caption\"><\/w>\n  <w :LsdException Locked=\"false\" Priority=\"10\" SemiHidden=\"false\"\n   UnhideWhenUsed=\"false\" QFormat=\"true\" Name=\"Title\"><\/w>\n  <w :LsdException Locked=\"false\" Priority=\"1\" Name=\"Default Paragraph Font\"><\/w>\n  <w :LsdException Locked=\"false\" Priority=\"11\" SemiHidden=\"false\"\n   UnhideWhenUsed=\"false\" QFormat=\"true\" Name=\"Subtitle\"><\/w>\n  <w :LsdException Locked=\"false\" Priority=\"22\" SemiHidden=\"false\"\n   UnhideWhenUsed=\"false\" QFormat=\"true\" Name=\"Strong\"><\/w>\n  <w :LsdException Locked=\"false\" Priority=\"20\" SemiHidden=\"false\"\n   UnhideWhenUsed=\"false\" QFormat=\"true\" Name=\"Emphasis\"><\/w>\n  <w :LsdException Locked=\"false\" Priority=\"59\" SemiHidden=\"false\"\n   UnhideWhenUsed=\"false\" Name=\"Table Grid\"><\/w>\n  <w :LsdException Locked=\"false\" UnhideWhenUsed=\"false\" Name=\"Placeholder Text\"><\/w>\n  <w :LsdException Locked=\"false\" Priority=\"1\" SemiHidden=\"false\"\n   UnhideWhenUsed=\"false\" QFormat=\"true\" Name=\"No Spacing\"><\/w>\n  <w :LsdException Locked=\"false\" Priority=\"60\" SemiHidden=\"false\"\n   UnhideWhenUsed=\"false\" Name=\"Light Shading\"><\/w>\n  <w :LsdException Locked=\"false\" Priority=\"61\" SemiHidden=\"false\"\n   UnhideWhenUsed=\"false\" Name=\"Light List\"><\/w>\n  <w :LsdException Locked=\"false\" Priority=\"62\" SemiHidden=\"false\"\n   UnhideWhenUsed=\"false\" Name=\"Light Grid\"><\/w>\n  <w :LsdException Locked=\"false\" Priority=\"63\" SemiHidden=\"false\"\n   UnhideWhenUsed=\"false\" Name=\"Medium Shading 1\"><\/w>\n  <w :LsdException Locked=\"false\" Priority=\"64\" SemiHidden=\"false\"\n   UnhideWhenUsed=\"false\" Name=\"Medium Shading 2\"><\/w>\n  <w :LsdException Locked=\"false\" Priority=\"65\" SemiHidden=\"false\"\n   UnhideWhenUsed=\"false\" Name=\"Medium List 1\"><\/w>\n  <w :LsdException Locked=\"false\" Priority=\"66\" SemiHidden=\"false\"\n   UnhideWhenUsed=\"false\" Name=\"Medium List 2\"><\/w>\n  <w :LsdException Locked=\"false\" Priority=\"67\" SemiHidden=\"false\"\n   UnhideWhenUsed=\"false\" Name=\"Medium Grid 1\"><\/w>\n  <w :LsdException Locked=\"false\" Priority=\"68\" SemiHidden=\"false\"\n   UnhideWhenUsed=\"false\" Name=\"Medium Grid 2\"><\/w>\n  <w :LsdException Locked=\"false\" Priority=\"69\" SemiHidden=\"false\"\n   UnhideWhenUsed=\"false\" Name=\"Medium Grid 3\"><\/w>\n  <w :LsdException Locked=\"false\" Priority=\"70\" SemiHidden=\"false\"\n   UnhideWhenUsed=\"false\" Name=\"Dark List\"><\/w>\n  <w :LsdException Locked=\"false\" Priority=\"71\" SemiHidden=\"false\"\n   UnhideWhenUsed=\"false\" Name=\"Colorful Shading\"><\/w>\n  <w :LsdException Locked=\"false\" Priority=\"72\" SemiHidden=\"false\"\n   UnhideWhenUsed=\"false\" Name=\"Colorful List\"><\/w>\n  <w :LsdException Locked=\"false\" Priority=\"73\" SemiHidden=\"false\"\n   UnhideWhenUsed=\"false\" Name=\"Colorful Grid\"><\/w>\n  <w :LsdException Locked=\"false\" Priority=\"60\" SemiHidden=\"false\"\n   UnhideWhenUsed=\"false\" Name=\"Light Shading Accent 1\"><\/w>\n  <w :LsdException Locked=\"false\" Priority=\"61\" SemiHidden=\"false\"\n   UnhideWhenUsed=\"false\" Name=\"Light List Accent 1\"><\/w>\n  <w :LsdException Locked=\"false\" Priority=\"62\" SemiHidden=\"false\"\n   UnhideWhenUsed=\"false\" Name=\"Light Grid Accent 1\"><\/w>\n  <w :LsdException Locked=\"false\" Priority=\"63\" SemiHidden=\"false\"\n   UnhideWhenUsed=\"false\" Name=\"Medium Shading 1 Accent 1\"><\/w>\n  <w :LsdException Locked=\"false\" Priority=\"64\" SemiHidden=\"false\"\n   UnhideWhenUsed=\"false\" Name=\"Medium Shading 2 Accent 1\"><\/w>\n  <w :LsdException Locked=\"false\" Priority=\"65\" SemiHidden=\"false\"\n   UnhideWhenUsed=\"false\" Name=\"Medium List 1 Accent 1\"><\/w>\n  <w :LsdException Locked=\"false\" UnhideWhenUsed=\"false\" Name=\"Revision\"><\/w>\n  <w :LsdException Locked=\"false\" Priority=\"34\" SemiHidden=\"false\"\n   UnhideWhenUsed=\"false\" QFormat=\"true\" Name=\"List Paragraph\"><\/w>\n  <w :LsdException Locked=\"false\" Priority=\"29\" SemiHidden=\"false\"\n   UnhideWhenUsed=\"false\" QFormat=\"true\" Name=\"Quote\"><\/w>\n  <w :LsdException Locked=\"false\" Priority=\"30\" SemiHidden=\"false\"\n   UnhideWhenUsed=\"false\" QFormat=\"true\" Name=\"Intense Quote\"><\/w>\n  <w :LsdException Locked=\"false\" Priority=\"66\" SemiHidden=\"false\"\n   UnhideWhenUsed=\"false\" Name=\"Medium List 2 Accent 1\"><\/w>\n  <w :LsdException Locked=\"false\" Priority=\"67\" SemiHidden=\"false\"\n   UnhideWhenUsed=\"false\" Name=\"Medium Grid 1 Accent 1\"><\/w>\n  <w :LsdException Locked=\"false\" Priority=\"68\" SemiHidden=\"false\"\n   UnhideWhenUsed=\"false\" Name=\"Medium Grid 2 Accent 1\"><\/w>\n  <w :LsdException Locked=\"false\" Priority=\"69\" SemiHidden=\"false\"\n   UnhideWhenUsed=\"false\" Name=\"Medium Grid 3 Accent 1\"><\/w>\n  <w :LsdException Locked=\"false\" Priority=\"70\" SemiHidden=\"false\"\n   UnhideWhenUsed=\"false\" Name=\"Dark List Accent 1\"><\/w>\n  <w :LsdException Locked=\"false\" Priority=\"71\" SemiHidden=\"false\"\n   UnhideWhenUsed=\"false\" Name=\"Colorful Shading Accent 1\"><\/w>\n  <w :LsdException Locked=\"false\" Priority=\"72\" SemiHidden=\"false\"\n   UnhideWhenUsed=\"false\" Name=\"Colorful List Accent 1\"><\/w>\n  <w :LsdException Locked=\"false\" Priority=\"73\" SemiHidden=\"false\"\n   UnhideWhenUsed=\"false\" Name=\"Colorful Grid Accent 1\"><\/w>\n  <w :LsdException Locked=\"false\" Priority=\"60\" SemiHidden=\"false\"\n   UnhideWhenUsed=\"false\" Name=\"Light Shading Accent 2\"><\/w>\n  <w :LsdException Locked=\"false\" Priority=\"61\" SemiHidden=\"false\"\n   UnhideWhenUsed=\"false\" Name=\"Light List Accent 2\"><\/w>\n  <w :LsdException Locked=\"false\" Priority=\"62\" SemiHidden=\"false\"\n   UnhideWhenUsed=\"false\" Name=\"Light Grid Accent 2\"><\/w>\n  <w :LsdException Locked=\"false\" Priority=\"63\" SemiHidden=\"false\"\n   UnhideWhenUsed=\"false\" Name=\"Medium Shading 1 Accent 2\"><\/w>\n  <w :LsdException Locked=\"false\" Priority=\"64\" SemiHidden=\"false\"\n   UnhideWhenUsed=\"false\" Name=\"Medium Shading 2 Accent 2\"><\/w>\n  <w :LsdException Locked=\"false\" Priority=\"65\" SemiHidden=\"false\"\n   UnhideWhenUsed=\"false\" Name=\"Medium List 1 Accent 2\"><\/w>\n  <w :LsdException Locked=\"false\" Priority=\"66\" SemiHidden=\"false\"\n   UnhideWhenUsed=\"false\" Name=\"Medium List 2 Accent 2\"><\/w>\n  <w :LsdException Locked=\"false\" Priority=\"67\" SemiHidden=\"false\"\n   UnhideWhenUsed=\"false\" Name=\"Medium Grid 1 Accent 2\"><\/w>\n  <w :LsdException Locked=\"false\" Priority=\"68\" SemiHidden=\"false\"\n   UnhideWhenUsed=\"false\" Name=\"Medium Grid 2 Accent 2\"><\/w>\n  <w :LsdException Locked=\"false\" Priority=\"69\" SemiHidden=\"false\"\n   UnhideWhenUsed=\"false\" Name=\"Medium Grid 3 Accent 2\"><\/w>\n  <w :LsdException Locked=\"false\" Priority=\"70\" SemiHidden=\"false\"\n   UnhideWhenUsed=\"false\" Name=\"Dark List Accent 2\"><\/w>\n  <w :LsdException Locked=\"false\" Priority=\"71\" SemiHidden=\"false\"\n   UnhideWhenUsed=\"false\" Name=\"Colorful Shading Accent 2\"><\/w>\n  <w :LsdException Locked=\"false\" Priority=\"72\" SemiHidden=\"false\"\n   UnhideWhenUsed=\"false\" Name=\"Colorful List Accent 2\"><\/w>\n  <w :LsdException Locked=\"false\" Priority=\"73\" SemiHidden=\"false\"\n   UnhideWhenUsed=\"false\" Name=\"Colorful Grid Accent 2\"><\/w>\n  <w :LsdException Locked=\"false\" Priority=\"60\" SemiHidden=\"false\"\n   UnhideWhenUsed=\"false\" Name=\"Light Shading Accent 3\"><\/w>\n  <w :LsdException Locked=\"false\" Priority=\"61\" SemiHidden=\"false\"\n   UnhideWhenUsed=\"false\" Name=\"Light List Accent 3\"><\/w>\n  <w :LsdException Locked=\"false\" Priority=\"62\" SemiHidden=\"false\"\n   UnhideWhenUsed=\"false\" Name=\"Light Grid Accent 3\"><\/w>\n  <w :LsdException Locked=\"false\" Priority=\"63\" SemiHidden=\"false\"\n   UnhideWhenUsed=\"false\" Name=\"Medium Shading 1 Accent 3\"><\/w>\n  <w :LsdException Locked=\"false\" Priority=\"64\" SemiHidden=\"false\"\n   UnhideWhenUsed=\"false\" Name=\"Medium Shading 2 Accent 3\"><\/w>\n  <w :LsdException Locked=\"false\" Priority=\"65\" SemiHidden=\"false\"\n   UnhideWhenUsed=\"false\" Name=\"Medium List 1 Accent 3\"><\/w>\n  <w :LsdException Locked=\"false\" Priority=\"66\" SemiHidden=\"false\"\n   UnhideWhenUsed=\"false\" Name=\"Medium List 2 Accent 3\"><\/w>\n  <w :LsdException Locked=\"false\" Priority=\"67\" SemiHidden=\"false\"\n   UnhideWhenUsed=\"false\" Name=\"Medium Grid 1 Accent 3\"><\/w>\n  <w :LsdException Locked=\"false\" Priority=\"68\" SemiHidden=\"false\"\n   UnhideWhenUsed=\"false\" Name=\"Medium Grid 2 Accent 3\"><\/w>\n  <w :LsdException Locked=\"false\" Priority=\"69\" SemiHidden=\"false\"\n   UnhideWhenUsed=\"false\" Name=\"Medium Grid 3 Accent 3\"><\/w>\n  <w :LsdException Locked=\"false\" Priority=\"70\" SemiHidden=\"false\"\n   UnhideWhenUsed=\"false\" Name=\"Dark List Accent 3\"><\/w>\n  <w :LsdException Locked=\"false\" Priority=\"71\" SemiHidden=\"false\"\n   UnhideWhenUsed=\"false\" Name=\"Colorful Shading Accent 3\"><\/w>\n  <w :LsdException Locked=\"false\" Priority=\"72\" SemiHidden=\"false\"\n   UnhideWhenUsed=\"false\" Name=\"Colorful List Accent 3\"><\/w>\n  <w :LsdException Locked=\"false\" Priority=\"73\" SemiHidden=\"false\"\n   UnhideWhenUsed=\"false\" Name=\"Colorful Grid Accent 3\"><\/w>\n  <w :LsdException Locked=\"false\" Priority=\"60\" SemiHidden=\"false\"\n   UnhideWhenUsed=\"false\" Name=\"Light Shading Accent 4\"><\/w>\n  <w :LsdException Locked=\"false\" Priority=\"61\" SemiHidden=\"false\"\n   UnhideWhenUsed=\"false\" Name=\"Light List Accent 4\"><\/w>\n  <w :LsdException Locked=\"false\" Priority=\"62\" SemiHidden=\"false\"\n   UnhideWhenUsed=\"false\" Name=\"Light Grid Accent 4\"><\/w>\n  <w :LsdException Locked=\"false\" Priority=\"63\" SemiHidden=\"false\"\n   UnhideWhenUsed=\"false\" Name=\"Medium Shading 1 Accent 4\"><\/w>\n  <w :LsdException Locked=\"false\" Priority=\"64\" SemiHidden=\"false\"\n   UnhideWhenUsed=\"false\" Name=\"Medium Shading 2 Accent 4\"><\/w>\n  <w :LsdException Locked=\"false\" Priority=\"65\" SemiHidden=\"false\"\n   UnhideWhenUsed=\"false\" Name=\"Medium List 1 Accent 4\"><\/w>\n  <w :LsdException Locked=\"false\" Priority=\"66\" SemiHidden=\"false\"\n   UnhideWhenUsed=\"false\" Name=\"Medium List 2 Accent 4\"><\/w>\n  <w :LsdException Locked=\"false\" Priority=\"67\" SemiHidden=\"false\"\n   UnhideWhenUsed=\"false\" Name=\"Medium Grid 1 Accent 4\"><\/w>\n  <w :LsdException Locked=\"false\" Priority=\"68\" SemiHidden=\"false\"\n   UnhideWhenUsed=\"false\" Name=\"Medium Grid 2 Accent 4\"><\/w>\n  <w :LsdException Locked=\"false\" Priority=\"69\" SemiHidden=\"false\"\n   UnhideWhenUsed=\"false\" Name=\"Medium Grid 3 Accent 4\"><\/w>\n  <w :LsdException Locked=\"false\" Priority=\"70\" SemiHidden=\"false\"\n   UnhideWhenUsed=\"false\" Name=\"Dark List Accent 4\"><\/w>\n  <w :LsdException Locked=\"false\" Priority=\"71\" SemiHidden=\"false\"\n   UnhideWhenUsed=\"false\" Name=\"Colorful Shading Accent 4\"><\/w>\n  <w :LsdException Locked=\"false\" Priority=\"72\" SemiHidden=\"false\"\n   UnhideWhenUsed=\"false\" Name=\"Colorful List Accent 4\"><\/w>\n  <w :LsdException Locked=\"false\" Priority=\"73\" SemiHidden=\"false\"\n   UnhideWhenUsed=\"false\" Name=\"Colorful Grid Accent 4\"><\/w>\n  <w :LsdException Locked=\"false\" Priority=\"60\" SemiHidden=\"false\"\n   UnhideWhenUsed=\"false\" Name=\"Light Shading Accent 5\"><\/w>\n  <w :LsdException Locked=\"false\" Priority=\"61\" SemiHidden=\"false\"\n   UnhideWhenUsed=\"false\" Name=\"Light List Accent 5\"><\/w>\n  <w :LsdException Locked=\"false\" Priority=\"62\" SemiHidden=\"false\"\n   UnhideWhenUsed=\"false\" Name=\"Light Grid Accent 5\"><\/w>\n  <w :LsdException Locked=\"false\" Priority=\"63\" SemiHidden=\"false\"\n   UnhideWhenUsed=\"false\" Name=\"Medium Shading 1 Accent 5\"><\/w>\n  <w :LsdException Locked=\"false\" Priority=\"64\" SemiHidden=\"false\"\n   UnhideWhenUsed=\"false\" Name=\"Medium Shading 2 Accent 5\"><\/w>\n  <w :LsdException Locked=\"false\" Priority=\"65\" SemiHidden=\"false\"\n   UnhideWhenUsed=\"false\" Name=\"Medium List 1 Accent 5\"><\/w>\n  <w :LsdException Locked=\"false\" Priority=\"66\" SemiHidden=\"false\"\n   UnhideWhenUsed=\"false\" Name=\"Medium List 2 Accent 5\"><\/w>\n  <w :LsdException Locked=\"false\" Priority=\"67\" SemiHidden=\"false\"\n   UnhideWhenUsed=\"false\" Name=\"Medium Grid 1 Accent 5\"><\/w>\n  <w :LsdException Locked=\"false\" Priority=\"68\" SemiHidden=\"false\"\n   UnhideWhenUsed=\"false\" Name=\"Medium Grid 2 Accent 5\"><\/w>\n  <w :LsdException Locked=\"false\" Priority=\"69\" SemiHidden=\"false\"\n   UnhideWhenUsed=\"false\" Name=\"Medium Grid 3 Accent 5\"><\/w>\n  <w :LsdException Locked=\"false\" Priority=\"70\" SemiHidden=\"false\"\n   UnhideWhenUsed=\"false\" Name=\"Dark List Accent 5\"><\/w>\n  <w :LsdException Locked=\"false\" Priority=\"71\" SemiHidden=\"false\"\n   UnhideWhenUsed=\"false\" Name=\"Colorful Shading Accent 5\"><\/w>\n  <w :LsdException Locked=\"false\" Priority=\"72\" SemiHidden=\"false\"\n   UnhideWhenUsed=\"false\" Name=\"Colorful List Accent 5\"><\/w>\n  <w :LsdException Locked=\"false\" Priority=\"73\" SemiHidden=\"false\"\n   UnhideWhenUsed=\"false\" Name=\"Colorful Grid Accent 5\"><\/w>\n  <w :LsdException Locked=\"false\" Priority=\"60\" SemiHidden=\"false\"\n   UnhideWhenUsed=\"false\" Name=\"Light Shading Accent 6\"><\/w>\n  <w :LsdException Locked=\"false\" Priority=\"61\" SemiHidden=\"false\"\n   UnhideWhenUsed=\"false\" Name=\"Light List Accent 6\"><\/w>\n  <w :LsdException Locked=\"false\" Priority=\"62\" SemiHidden=\"false\"\n   UnhideWhenUsed=\"false\" Name=\"Light Grid Accent 6\"><\/w>\n  <w :LsdException Locked=\"false\" Priority=\"63\" SemiHidden=\"false\"\n   UnhideWhenUsed=\"false\" Name=\"Medium Shading 1 Accent 6\"><\/w>\n  <w :LsdException Locked=\"false\" Priority=\"64\" SemiHidden=\"false\"\n   UnhideWhenUsed=\"false\" Name=\"Medium Shading 2 Accent 6\"><\/w>\n  <w :LsdException Locked=\"false\" Priority=\"65\" SemiHidden=\"false\"\n   UnhideWhenUsed=\"false\" Name=\"Medium List 1 Accent 6\"><\/w>\n  <w :LsdException Locked=\"false\" Priority=\"66\" SemiHidden=\"false\"\n   UnhideWhenUsed=\"false\" Name=\"Medium List 2 Accent 6\"><\/w>\n  <w :LsdException Locked=\"false\" Priority=\"67\" SemiHidden=\"false\"\n   UnhideWhenUsed=\"false\" Name=\"Medium Grid 1 Accent 6\"><\/w>\n  <w :LsdException Locked=\"false\" Priority=\"68\" SemiHidden=\"false\"\n   UnhideWhenUsed=\"false\" Name=\"Medium Grid 2 Accent 6\"><\/w>\n  <w :LsdException Locked=\"false\" Priority=\"69\" SemiHidden=\"false\"\n   UnhideWhenUsed=\"false\" Name=\"Medium Grid 3 Accent 6\"><\/w>\n  <w :LsdException Locked=\"false\" Priority=\"70\" SemiHidden=\"false\"\n   UnhideWhenUsed=\"false\" Name=\"Dark List Accent 6\"><\/w>\n  <w :LsdException Locked=\"false\" Priority=\"71\" SemiHidden=\"false\"\n   UnhideWhenUsed=\"false\" Name=\"Colorful Shading Accent 6\"><\/w>\n  <w :LsdException Locked=\"false\" Priority=\"72\" SemiHidden=\"false\"\n   UnhideWhenUsed=\"false\" Name=\"Colorful List Accent 6\"><\/w>\n  <w :LsdException Locked=\"false\" Priority=\"73\" SemiHidden=\"false\"\n   UnhideWhenUsed=\"false\" Name=\"Colorful Grid Accent 6\"><\/w>\n  <w :LsdException Locked=\"false\" Priority=\"19\" SemiHidden=\"false\"\n   UnhideWhenUsed=\"false\" QFormat=\"true\" Name=\"Subtle Emphasis\"><\/w>\n  <w :LsdException Locked=\"false\" Priority=\"21\" SemiHidden=\"false\"\n   UnhideWhenUsed=\"false\" QFormat=\"true\" Name=\"Intense Emphasis\"><\/w>\n  <w :LsdException Locked=\"false\" Priority=\"31\" SemiHidden=\"false\"\n   UnhideWhenUsed=\"false\" QFormat=\"true\" Name=\"Subtle Reference\"><\/w>\n  <w :LsdException Locked=\"false\" Priority=\"32\" SemiHidden=\"false\"\n   UnhideWhenUsed=\"false\" QFormat=\"true\" Name=\"Intense Reference\"><\/w>\n  <w :LsdException Locked=\"false\" Priority=\"33\" SemiHidden=\"false\"\n   UnhideWhenUsed=\"false\" QFormat=\"true\" Name=\"Book Title\"><\/w>\n  <w :LsdException Locked=\"false\" Priority=\"37\" Name=\"Bibliography\"><\/w>\n  <w :LsdException Locked=\"false\" Priority=\"39\" QFormat=\"true\" Name=\"TOC Heading\"><\/w>\n <\/w>\n<\/xml>< ![endif]--><!--[if gte mso 10]>\n\n\n<style>\n \/* Style Definitions *\/\n table.MsoNormalTable\n\t{mso-style-name:\"Norm\u00e1ln\u00ed tabulka\";\n\tmso-tstyle-rowband-size:0;\n\tmso-tstyle-colband-size:0;\n\tmso-style-noshow:yes;\n\tmso-style-priority:99;\n\tmso-style-qformat:yes;\n\tmso-style-parent:\"\";\n\tmso-padding-alt:0cm 5.4pt 0cm 5.4pt;\n\tmso-para-margin-top:0cm;\n\tmso-para-margin-right:0cm;\n\tmso-para-margin-bottom:10.0pt;\n\tmso-para-margin-left:0cm;\n\tline-height:115%;\n\tmso-pagination:widow-orphan;\n\tfont-size:11.0pt;\n\tfont-family:\"Calibri\",\"sans-serif\";\n\tmso-ascii-font-family:Calibri;\n\tmso-ascii-theme-font:minor-latin;\n\tmso-fareast-font-family:\"Times New Roman\";\n\tmso-fareast-theme-font:minor-fareast;\n\tmso-hansi-font-family:Calibri;\n\tmso-hansi-theme-font:minor-latin;}\n<\/style>\n\n\n< ![endif]--><\/p>\n<p class=\"MsoNormal\">A\u010d se to zd&aacute; nemo\u017en&eacute;, tak se rok prom\u011bnil v&nbsp;utrhan&eacute; listy kalend&aacute;\u0159e, jaro, l&eacute;to i podzim ub\u011bhly, <span style=\"\">&nbsp;<\/span>ani\u017e bychom si snad v&scaron;imli, tro&scaron;ku nasn\u011b\u017eilo, namrzlo, zase n&aacute;s to vyt&aacute;hlo na kopec se s&aacute;\u0148kami a jin&yacute;mi p\u0159ibli\u017eovadly <span style=\"\">&nbsp;<\/span>a dalo t&iacute;m v\u011bd\u011bt, \u017ee se bl&iacute;\u017e&iacute; &Scaron;t\u011bdr&yacute; den a \u017ee by se m\u011bl uva\u0159it pun\u010d na zah\u0159&aacute;t&iacute;. Po p\u0159ede&scaron;l&yacute;ch zku&scaron;enostech se na mno\u017estv&iacute; nehled\u011blo a zase se uva\u0159ilo cel&yacute;ch 80 litr\u016f. Z&nbsp;toho 30 neaklo, aby si p\u0159i&scaron;li na sv&eacute; i d\u011bti a \u0159idi\u010di. A \u0159idi\u010d\u016f se se&scaron;lo dost. Jak jinak si vysv\u011btlit po\u010det konzument\u016f, podstatn\u011b p\u0159evy&scaron;uj&iacute;c&iacute; po\u010det habersk&yacute;ch obyvatel.<span style=\"\">&nbsp; <\/span>A zase se tlachalo, p\u0159&aacute;lo a zase bylo sv&aacute;te\u010dn\u011b fajn. V&nbsp;dom&aacute;cnostech \u010dekaly pol&iacute;vky, sal&aacute;ty, strome\u010dky a Je\u017e&iacute;&scaron;ek m\u011bl dost \u010dasu p\u0159ipravit d&aacute;rky.<\/p>\n<p class=\"MsoNormal\">Tak\u017ee kr&aacute;sn&eacute; a vesel&eacute;&nbsp;<span style=\"font-family: Wingdings;\"><span style=\"\"><img decoding=\"async\" alt=\":)\" src=\"https:\/\/www.motorkarizhabri.cz\/wp-content\/plugins\/fckeditor-for-wordpress-plugin\/ckeditor\/plugins\/smiley\/images\/regular_smile.gif\" title=\":)\" \/><\/span><\/span><\/p>\n<p class=\"MsoNormal\">Silvestrovsk&aacute; noc nab&aacute;d&aacute; k&nbsp;nep\u0159&iacute;stojnostem. U n&aacute;s ne. U n&aacute;s se \u017eije sportem. Jde-li jako sport nazvat r\u016fzn&eacute; p\u0159edv&aacute;d\u011bn&iacute; jednotlivc\u016f, co\u017ee to se sv&yacute;mi t\u011bly dovedou. K&nbsp;dobru mus&iacute; b&yacute;t p\u0159ips&aacute;no, \u017ee ke stavb\u011b lidsk&eacute; pyramidy p\u0159istoupili haber&scaron;t&iacute; zodpov\u011bdn\u011b a vybrali st\u0159&iacute;zliv&eacute; reprezentanty. <span style=\"\">&nbsp;<\/span>O p\u016flnoci n\u011bjak&yacute; ten oh\u0148ostroj a pop\u0159&aacute;n&iacute;.<\/p>\n<p class=\"MsoNormal\">&nbsp;<\/p>\n<p class=\"MsoNormal\">[Not a valid template]\n<p class=\"MsoNormal\">Tak\u017ee kr&aacute;sn&yacute; Nov&yacute; rok&nbsp;<span style=\"font-family: Wingdings;\"><span style=\"\"><img decoding=\"async\" alt=\":)\" src=\"https:\/\/www.motorkarizhabri.cz\/wp-content\/plugins\/fckeditor-for-wordpress-plugin\/ckeditor\/plugins\/smiley\/images\/regular_smile.gif\" title=\":)\" \/><\/span><\/span><\/p>\n<p class=\"MsoNormal\">A jak na Nov&yacute; rok, tak po cel&yacute; rok. A proto n&aacute;s \u010dek&aacute; rok p\u011bkn\u011b vesel&yacute;, hrav&yacute;. Proto\u017ee jsme na Nov&yacute; rok mastili karty. Pravideln&eacute;ho filkov&eacute;ho turnaje se &uacute;\u010dastnilo jen dvan&aacute;ct hr&aacute;\u010d\u016f. Nevad&iacute;, alespo\u0148 bude trochu klid. Nebyl. O neklid se postarali muzikanti, kte\u0159&iacute; mezi hl&aacute;&scaron;en&iacute; kr&aacute;le, placen&iacute; &scaron;tych\u016f \u010di vyb&iacute;r&aacute;n&iacute; banku sem tam zap\u011bli ,,Mlad&aacute;&aacute;&aacute; nev\u011bst&aacute;&aacute;&aacute;&ldquo; , \u010di hl&aacute;sili jak&eacute;si m&iacute;ry, kter&yacute;m nikdo nerozum\u011bl <span style=\"font-family: Wingdings;\"><span style=\"\">J<\/span><\/span> . Prost\u011b poz\u016fstatek t\u0159&iacute;denn&iacute;ho slaven&iacute;. Petr za&scaron;el tak daleko, \u017ee prohr&aacute;l turnaj. Mus&iacute;m \u0159&iacute;ct, \u017ee m\u011b t&iacute;m nesm&iacute;rn\u011b pot\u011b&scaron;il, proto\u017ee jak mn\u011b ne&scaron;la karta, to jste nevid\u011bli!! Tak\u017ee jsem d&iacute;ky Petrovi skon\u010dila p\u0159edposledn&iacute;.<span style=\"\">&nbsp; <\/span>P\u0159ekvapen&iacute;m dne byl v&iacute;t\u011bz! V&iacute;t\u011bzem se stal L&Aacute;\u010eA!!! L&aacute;\u010fa, kter&yacute; u\u017e t\u0159et&iacute; rok za sebou prohr&aacute;l celoro\u010dn&iacute; kl&aacute;n&iacute;. A celoro\u010dn&iacute; kl&aacute;n&iacute; tentokr&aacute;t vyhr&aacute;la, s&nbsp;obrovsk&yacute;m n&aacute;skokem, Sl&aacute;vka.<\/p>\n<p class=\"MsoNormal\">Tak\u017ee, a\u0165 se da\u0159&iacute; v&nbsp;kart&aacute;ch i v&nbsp;\u017eivot\u011b&nbsp;<span style=\"font-family: Wingdings;\"><span style=\"\"><img decoding=\"async\" alt=\":)\" src=\"https:\/\/www.motorkarizhabri.cz\/wp-content\/plugins\/fckeditor-for-wordpress-plugin\/ckeditor\/plugins\/smiley\/images\/regular_smile.gif\" title=\":)\" \/><\/span><\/span><\/p>\n","protected":false},"excerpt":{"rendered":"<p>A\u010d se to zd&aacute; nemo\u017en&eacute;, tak se rok prom\u011bnil v&nbsp;utrhan&eacute; listy kalend&aacute;\u0159e, jaro, l&eacute;to i podzim ub\u011bhly, &nbsp;ani\u017e bychom si snad v&scaron;imli, tro&scaron;ku nasn\u011b\u017eilo, namrzlo, zase n&aacute;s to vyt&aacute;hlo na kopec se s&aacute;\u0148kami a jin&yacute;mi p\u0159ibli\u017eovadly &nbsp;a dalo t&iacute;m v\u011bd\u011bt, \u017ee se bl&iacute;\u017e&iacute; &Scaron;t\u011bdr&yacute; den a \u017ee by se m\u011bl uva\u0159it pun\u010d na zah\u0159&aacute;t&iacute;. Po [&hellip;]<\/p>\n","protected":false},"author":2,"featured_media":0,"parent":402,"menu_order":18,"comment_status":"open","ping_status":"closed","template":"","meta":{"ngg_post_thumbnail":0},"aioseo_notices":[],"_links":{"self":[{"href":"https:\/\/www.motorkarizhabri.cz\/index.php?rest_route=\/wp\/v2\/pages\/1198"}],"collection":[{"href":"https:\/\/www.motorkarizhabri.cz\/index.php?rest_route=\/wp\/v2\/pages"}],"about":[{"href":"https:\/\/www.motorkarizhabri.cz\/index.php?rest_route=\/wp\/v2\/types\/page"}],"author":[{"embeddable":true,"href":"https:\/\/www.motorkarizhabri.cz\/index.php?rest_route=\/wp\/v2\/users\/2"}],"replies":[{"embeddable":true,"href":"https:\/\/www.motorkarizhabri.cz\/index.php?rest_route=%2Fwp%2Fv2%2Fcomments&post=1198"}],"version-history":[{"count":3,"href":"https:\/\/www.motorkarizhabri.cz\/index.php?rest_route=\/wp\/v2\/pages\/1198\/revisions"}],"predecessor-version":[{"id":1607,"href":"https:\/\/www.motorkarizhabri.cz\/index.php?rest_route=\/wp\/v2\/pages\/1198\/revisions\/1607"}],"up":[{"embeddable":true,"href":"https:\/\/www.motorkarizhabri.cz\/index.php?rest_route=\/wp\/v2\/pages\/402"}],"wp:attachment":[{"href":"https:\/\/www.motorkarizhabri.cz\/index.php?rest_route=%2Fwp%2Fv2%2Fmedia&parent=1198"}],"curies":[{"name":"wp","href":"https:\/\/api.w.org\/{rel}","templated":true}]}}