{"id":1072,"date":"2010-05-27T08:44:10","date_gmt":"2010-05-27T07:44:10","guid":{"rendered":"http:\/\/www.motorkarizhabri.cz\/?page_id=1072"},"modified":"2010-05-27T08:48:00","modified_gmt":"2010-05-27T07:48:00","slug":"smutna-zprava-2","status":"publish","type":"page","link":"https:\/\/www.motorkarizhabri.cz\/?page_id=1072","title":{"rendered":"Tragick\u00e1 ud\u00e1lost"},"content":{"rendered":"<p><span style=\"font-size: 14px;\"><strong>S hlubok&yacute;m z&aacute;rmutkem mus&iacute;me ozn&aacute;mit, \u017ee v\u010dera 26. kv\u011btna tragicky zahynul ve v\u011bku 19 let jeden z n&aacute;s, Marek Or&scaron;ul&iacute;k.&nbsp; Up\u0159&iacute;mnou soustrast v&scaron;em jeho bl&iacute;zk&yacute;m.&nbsp;<\/strong><\/span><\/p>\n<p><img decoding=\"async\" alt=\"\" src=\"https:\/\/www.motorkarizhabri.cz\/fotky\/marek2.jpg\" \/><\/p>\n","protected":false},"excerpt":{"rendered":"<p>S hlubok&yacute;m z&aacute;rmutkem mus&iacute;me ozn&aacute;mit, \u017ee v\u010dera 26. kv\u011btna tragicky zahynul ve v\u011bku 19 let jeden z n&aacute;s, Marek Or&scaron;ul&iacute;k.&nbsp; Up\u0159&iacute;mnou soustrast v&scaron;em jeho bl&iacute;zk&yacute;m.&nbsp;<\/p>\n","protected":false},"author":1,"featured_media":0,"parent":0,"menu_order":0,"comment_status":"closed","ping_status":"closed","template":"","meta":{"ngg_post_thumbnail":0},"aioseo_notices":[],"_links":{"self":[{"href":"https:\/\/www.motorkarizhabri.cz\/index.php?rest_route=\/wp\/v2\/pages\/1072"}],"collection":[{"href":"https:\/\/www.motorkarizhabri.cz\/index.php?rest_route=\/wp\/v2\/pages"}],"about":[{"href":"https:\/\/www.motorkarizhabri.cz\/index.php?rest_route=\/wp\/v2\/types\/page"}],"author":[{"embeddable":true,"href":"https:\/\/www.motorkarizhabri.cz\/index.php?rest_route=\/wp\/v2\/users\/1"}],"replies":[{"embeddable":true,"href":"https:\/\/www.motorkarizhabri.cz\/index.php?rest_route=%2Fwp%2Fv2%2Fcomments&post=1072"}],"version-history":[{"count":5,"href":"https:\/\/www.motorkarizhabri.cz\/index.php?rest_route=\/wp\/v2\/pages\/1072\/revisions"}],"predecessor-version":[{"id":1077,"href":"https:\/\/www.motorkarizhabri.cz\/index.php?rest_route=\/wp\/v2\/pages\/1072\/revisions\/1077"}],"wp:attachment":[{"href":"https:\/\/www.motorkarizhabri.cz\/index.php?rest_route=%2Fwp%2Fv2%2Fmedia&parent=1072"}],"curies":[{"name":"wp","href":"https:\/\/api.w.org\/{rel}","templated":true}]}}