{"id":1060,"date":"2010-05-02T05:52:38","date_gmt":"2010-05-02T04:52:38","guid":{"rendered":"http:\/\/www.motorkarizhabri.cz\/?page_id=1060"},"modified":"2015-03-22T14:49:00","modified_gmt":"2015-03-22T13:49:00","slug":"carodejnice-3042010","status":"publish","type":"page","link":"https:\/\/www.motorkarizhabri.cz\/?page_id=1060","title":{"rendered":"\u010carod\u011bjnice 30.4.2010"},"content":{"rendered":"<p>Lo\u0148sk&aacute; m&aacute;jka prob\u011bhla za pekeln&eacute;ho hudrov&aacute;n&iacute; vy&scaron;&scaron;&iacute;ch mocnost&iacute;. Po zji&scaron;t\u011bn&iacute;, \u017ee ani hromy, blesky, proudy vody n&aacute;s neodrad&iacute; od na&scaron;ich \u010darod\u011bjnick&yacute;ch rej\u016f n&aacute;s letos nechaly v klidu.<\/p>\n<p>&nbsp;A tak se pode vs&iacute; se&scaron;lo \u010darod\u011bjnic nev&iacute;dan\u011b. Mal&eacute;, velk&eacute;, star&eacute;, je&scaron;t\u011b neobradavicovan&eacute;, n\u011bkter&eacute; ve star&yacute;ch pytlech a jin&eacute; zase na tu sl&aacute;vu na\u010dan\u010dan&eacute;. Ale v&scaron;echny moc nat\u011b&scaron;en&eacute;.<\/p>\n<p>Pod m&aacute;jkou u\u017e n&aacute;s vyhl&iacute;\u017eelo obyvatelstvo m&iacute;stn&iacute; i p\u0159espoln&iacute;.<\/p>\n<p>A tak jsme tedy mezi n\u011b vl&iacute;tly a tropily v&yacute;tr\u017enosti. N&eacute;&eacute;&eacute;, to my ned\u011bl&aacute;me. My si vlastn\u011b t\u011bch lidsk&yacute;ch bytost&iacute;, zahalen&yacute;ch v n\u011bjak&yacute; podivn&yacute;, nudn&yacute; &scaron;at nikterak nev&scaron;&iacute;m&aacute;me. N&aacute;s zaj&iacute;m&aacute; jen mal&yacute; lidsk&yacute; pot\u011br. A nemyslete si, \u017ee by n&aacute;s zaj&iacute;mal coby potrava. To ne! To se jen nepravdiv\u011b v poh&aacute;dk&aacute;ch p&iacute;&scaron;e.<\/p>\n<p>My si p\u011bkn\u011b s t\u011bmi pr\u0165aty pohrajeme. A bav&iacute; n&aacute;s to. Jen u\u017e jsme trochu unaven&eacute;, st&aacute;rnouc&iacute; \u010darod\u011bjnice, a tak jsme letos nechaly p&aacute;r d\u011bt&iacute;, aby si naopak pohr&aacute;ly s n&aacute;mi. Ad&eacute;lka, Deniska, \u010darod\u011bj Va&scaron;ek a Karol&iacute;nka za n&aacute;s vymysleli p&aacute;r sout\u011b\u017e&iacute;. A my sout\u011b\u017eily a moc jsme si to u\u017e&iacute;valy.<\/p>\n<p>P\u0159i p\u0159etahov&aacute;n&iacute;, sk&aacute;k&aacute;n&iacute;, pozn&aacute;v&aacute;n&iacute; ko\u0159en&iacute;, p\u0159en&aacute;&scaron;en&iacute; lentilek br\u010dkem, chozen&iacute; po gum\u011b s vejcem na l\u017e&iacute;ci a p&aacute;r dal&scaron;&iacute;ch vylomenin se pomalu p\u0159ikradl ve\u010der. U\u017e zbyla jen trocha \u010dasu na proch&aacute;zku poslepu na &scaron;pag&aacute;tku a na z&aacute;vod na d\u0159ev\u011bn&yacute;ch &scaron;pal&iacute;\u010dk&aacute;ch. A je tu fin&aacute;lov&aacute; sout\u011b\u017e, do kter&eacute; Karolka zapojila i tat&iacute;nky. Ti m\u011bli poslepu v\u011b\u0159it sv&yacute;m ratolestem, \u017ee je p\u0159&iacute;kazy, kudy maj&iacute; j&iacute;t nepovedou rovnou do ohn\u011b, pod auta, \u010di kamsi, odkud by neznali cestu zp\u011bt. V&scaron;e klaplo bez &uacute;razu a v pohod\u011b.<\/p>\n<p>Lidsk&yacute; i \u010darod\u011bjnick&yacute; pot\u011br se odebral, s rukami a pusami pln&yacute;mi odm\u011bn, na kut\u011b a za\u010dalo pr&scaron;et. Nijak d\u011bsiv\u011b, tak n\u011bjak &scaron;eptav\u011b, skoro jako pod\u011bkov&aacute;n&iacute; tam ze zhora za tu pod&iacute;vanou. Tak my tam nahoru taky d\u011bkujeme, \u017ee n&aacute;s nechali si v suchu pohr&aacute;t.&nbsp;<\/p>\n<p>\u010darod\u011bjnice Bar\u010da<\/p>[Not a valid template]","protected":false},"excerpt":{"rendered":"<p>Lo\u0148sk&aacute; m&aacute;jka prob\u011bhla za pekeln&eacute;ho hudrov&aacute;n&iacute; vy&scaron;&scaron;&iacute;ch mocnost&iacute;. Po zji&scaron;t\u011bn&iacute;, \u017ee ani hromy, blesky, proudy vody n&aacute;s neodrad&iacute; od na&scaron;ich \u010darod\u011bjnick&yacute;ch rej\u016f n&aacute;s letos nechaly v klidu. &nbsp;A tak se pode vs&iacute; se&scaron;lo \u010darod\u011bjnic nev&iacute;dan\u011b. Mal&eacute;, velk&eacute;, star&eacute;, je&scaron;t\u011b neobradavicovan&eacute;, n\u011bkter&eacute; ve star&yacute;ch pytlech a jin&eacute; zase na tu sl&aacute;vu na\u010dan\u010dan&eacute;. Ale v&scaron;echny moc nat\u011b&scaron;en&eacute;. [&hellip;]<\/p>\n","protected":false},"author":2,"featured_media":0,"parent":402,"menu_order":15,"comment_status":"open","ping_status":"closed","template":"","meta":{"ngg_post_thumbnail":0},"aioseo_notices":[],"_links":{"self":[{"href":"https:\/\/www.motorkarizhabri.cz\/index.php?rest_route=\/wp\/v2\/pages\/1060"}],"collection":[{"href":"https:\/\/www.motorkarizhabri.cz\/index.php?rest_route=\/wp\/v2\/pages"}],"about":[{"href":"https:\/\/www.motorkarizhabri.cz\/index.php?rest_route=\/wp\/v2\/types\/page"}],"author":[{"embeddable":true,"href":"https:\/\/www.motorkarizhabri.cz\/index.php?rest_route=\/wp\/v2\/users\/2"}],"replies":[{"embeddable":true,"href":"https:\/\/www.motorkarizhabri.cz\/index.php?rest_route=%2Fwp%2Fv2%2Fcomments&post=1060"}],"version-history":[{"count":5,"href":"https:\/\/www.motorkarizhabri.cz\/index.php?rest_route=\/wp\/v2\/pages\/1060\/revisions"}],"predecessor-version":[{"id":1069,"href":"https:\/\/www.motorkarizhabri.cz\/index.php?rest_route=\/wp\/v2\/pages\/1060\/revisions\/1069"}],"up":[{"embeddable":true,"href":"https:\/\/www.motorkarizhabri.cz\/index.php?rest_route=\/wp\/v2\/pages\/402"}],"wp:attachment":[{"href":"https:\/\/www.motorkarizhabri.cz\/index.php?rest_route=%2Fwp%2Fv2%2Fmedia&parent=1060"}],"curies":[{"name":"wp","href":"https:\/\/api.w.org\/{rel}","templated":true}]}}